{"id":5506,"date":"2024-10-14T15:00:45","date_gmt":"2024-10-14T20:00:45","guid":{"rendered":"https:\/\/casasdeapuestas.bet\/pe\/?page_id=5506"},"modified":"2026-03-24T06:22:16","modified_gmt":"2026-03-24T11:22:16","slug":"depositos","status":"publish","type":"page","link":"https:\/\/casasdeapuestas.bet\/pe\/depositos\/","title":{"rendered":"Dep\u00f3sitos"},"content":{"rendered":"<p>Una de las partes fundamentales de los casinos en l\u00ednea es la cantidad de m\u00e9todos de dep\u00f3sito que tengan, esto debido a que siempre ser\u00e1 una forma de acercarse y de facilitarle las cosas a todos y cada uno de sus clientes.<\/p>\n<p>En la actualidad la oferta ha crecido much\u00edsimo, ya no solamente es posible pagar en los operadores de juegos de azar a trav\u00e9s de tarjetas de d\u00e9bito o cr\u00e9dito, sino que hoy tambi\u00e9n existen monederos y billeteras electr\u00f3nicas, transferencias bancarias y criptomonedas, entre muchas otras alternativas.<\/p>\n<p>Aqu\u00ed te vamos a contar un poco acerca de cada una de las mejores formas para depositar y retirar dinero de <a href=\"\/pe\/\">las casas de apuestas de Per\u00fa<\/a>.<\/p>\n","protected":false},"excerpt":{"rendered":"<p>Una de las partes fundamentales de los casinos en l\u00ednea es la cantidad de m\u00e9todos de dep\u00f3sito que tengan, esto debido a que siempre ser\u00e1 una forma de acercarse y de facilitarle las cosas a todos y cada uno de sus clientes. En la actualidad la oferta ha crecido much\u00edsimo, ya no solamente es posible [&hellip;]<\/p>\n","protected":false},"author":3,"featured_media":0,"parent":0,"menu_order":0,"comment_status":"closed","ping_status":"closed","template":"deposit-methods-style-1.php","meta":{"_acf_changed":false,"footnotes":""},"class_list":["post-5506","page","type-page","status-publish","hentry"],"acf":[],"_links":{"self":[{"href":"https:\/\/casasdeapuestas.bet\/pe\/wp-json\/wp\/v2\/pages\/5506","targetHints":{"allow":["GET"]}}],"collection":[{"href":"https:\/\/casasdeapuestas.bet\/pe\/wp-json\/wp\/v2\/pages"}],"about":[{"href":"https:\/\/casasdeapuestas.bet\/pe\/wp-json\/wp\/v2\/types\/page"}],"author":[{"embeddable":true,"href":"https:\/\/casasdeapuestas.bet\/pe\/wp-json\/wp\/v2\/users\/3"}],"replies":[{"embeddable":true,"href":"https:\/\/casasdeapuestas.bet\/pe\/wp-json\/wp\/v2\/comments?post=5506"}],"version-history":[{"count":5,"href":"https:\/\/casasdeapuestas.bet\/pe\/wp-json\/wp\/v2\/pages\/5506\/revisions"}],"predecessor-version":[{"id":11506,"href":"https:\/\/casasdeapuestas.bet\/pe\/wp-json\/wp\/v2\/pages\/5506\/revisions\/11506"}],"wp:attachment":[{"href":"https:\/\/casasdeapuestas.bet\/pe\/wp-json\/wp\/v2\/media?parent=5506"}],"curies":[{"name":"wp","href":"https:\/\/api.w.org\/{rel}","templated":true}]}}