{"id":2279,"date":"2021-10-15T13:12:00","date_gmt":"2021-10-15T18:12:00","guid":{"rendered":"https:\/\/casasdeapuestas.bet\/pe\/?page_id=2279"},"modified":"2024-12-11T12:51:34","modified_gmt":"2024-12-11T17:51:34","slug":"casinos-online","status":"publish","type":"page","link":"https:\/\/casasdeapuestas.bet\/pe\/casinos-online\/","title":{"rendered":"Mejores casinos online en Peru"},"content":{"rendered":"<p>Puede llamar mucho la atenci\u00f3n que dentro de <a href=\"\/pe\/\">las principales casas de apuestas\u00a0que existen en Per\u00fa<\/a> encontrar\u00e1s que casi todas cuentan con una secci\u00f3n de casino online, esto es una situaci\u00f3n habitual que se debe a que la mayor\u00eda de las p\u00e1ginas pertenecen a alguna cadena de casinos f\u00edsicos y online; en general, es completamente normal que encuentres las distintas p\u00e1ginas bajo el nombre de la misma compa\u00f1\u00eda.<\/p>\n<p>Elegir un casino online acorde a las necesidades que tiene cada uno de los jugadores es relativamente sencillo y r\u00e1pido. B\u00e1sicamente <strong>se debe hacer un an\u00e1lisis<\/strong> muy similar a los que se hacen respecto a las casas de apuestas, todos <strong>con una serie de caracter\u00edsticas<\/strong> y requisitos para que se pueda asegurar que existir\u00e1 una experiencia completamente satisfactoria y que elegiste lo mejor para ti.<\/p>\n<p>En general, el tema es bastante similar, <strong>no hay grandes diferencias a las de las casas de apuestas deportivas<\/strong>, porque en la secci\u00f3n de casinos online de Per\u00fa tambi\u00e9n se suele tener una cantidad interesante e importante de bonos y promociones, muchos suelen ser exclusivos para la secci\u00f3n de juegos y en otros casos particulares se puede usar de forma indiscriminada entre las apuestas deportivas y los casinos. Ac\u00e1 te contaremos un poco de cada uno de ellos, as\u00ed que es importante que te mantengas al tanto de nuestras rese\u00f1as.<\/p>\n<p>Obviamente y como de costumbre, los bonos de casino (<a href=\"\/pe\/bonos\/\">puede ser bono sin dep\u00f3sito o de primer dep\u00f3sito<\/a>) suele ser uno de los aspectos principales a evaluar para elegir un sitio web. Aqu\u00ed es importante la cantidad y la cualidad, dos esencias importantes para valorar cuando se quiere elegir la mejor de las opciones.<\/p>\n<p>Aunado a ello, existe un punto muy destacable que son <strong>los m\u00e9todos de seguridad<\/strong> que tienen los sitios web para garantizar que la experiencia ser\u00e1 completamente satisfactoria en cuanto a la protecci\u00f3n de datos personales y bancarios.<\/p>\n<p>Los casinos online de Per\u00fa est\u00e1n regulados desde febrero de 2024, gracias a la publicaci\u00f3n del reglamento de la Ley N\u00ba 31557. Es importante que cada uno de los operadores cuente con una licencia expedida por el Ministerio de Comercio Exterior y Turismo (Mincetur), tambi\u00e9n son v\u00e1lidos los permisos entregados por pa\u00edses con reputaci\u00f3n en el sector de los juegos de azar.<\/p>\n<p>Las licencias internacionales tienen que estar expedidas por alguna autoridad de <strong>los principales pa\u00edses con leyes acerca del juego<\/strong>: Curazao, Malta, Gibraltar, Reino Unido, Irlanda o alg\u00fan otro que les permita trabajar en diversos territorios del mundo, en este sitio web siempre te haremos saber qu\u00e9 licencia es con la que cuenta el casino de tu preferencia.<\/p>\n<p>Dentro de las similitudes que ya se han mencionado acerca de los casinos en Per\u00fa y las casas de apuestas deportivas, tambi\u00e9n se encuentran los m\u00e9todos de pago, y es que no existen grandes variantes en este sentido, en general, en el mundo hay m\u00e9todos populares que sirven para realizar compras, especialmente en l\u00ednea, este es el mismo caso que se vive en los sitios web de juegos de azar.<\/p>\n<p>Como es de esperarse, en estos sitios web es muy posible encontrar tarjetas de d\u00e9bito, cr\u00e9dito y <a href=\"\/pe\/depositos\/transferencia-bancaria\/\">transferencias bancarias<\/a>, sin duda alguna, los m\u00e9todos de pago m\u00e1s populares en todo el mundo y que mayor aceptaci\u00f3n tienen en cuanto a cantidad de pa\u00edses.<\/p>\n<p>Aunque tambi\u00e9n se debe destacar la importancia de tener m\u00e9todos de pago para todos los clientes que no quieren o no pueden tener acceso a una cuenta con una instituci\u00f3n bancaria. Ah\u00ed es donde surgen m\u00e9todos de pago que m\u00e1s adelante ahondaremos, por ejemplo: las carteras electr\u00f3nicas, tarjetas de prepago o criptomonedas.<\/p>\n<p>Por otro lado, <strong>el tema de la atenci\u00f3n a clientes<\/strong> podr\u00eda no ser relevante, pero la verdad es que siempre es fundamental conocer cu\u00e1les son las formas de comunicaci\u00f3n que tienes con tu casino online en Per\u00fa, en alg\u00fan momento podr\u00edas necesitarlo, nunca se sabe. Mientras m\u00e1s formas de comunicaci\u00f3n existan en tu sitio web, m\u00e1s f\u00e1cil deber\u00eda ser solucionar cualquier duda o problema que pueda existir mientras vives la experiencia del juego.<\/p>\n<p>Algunos casinos online en Per\u00fa han ido m\u00e1s all\u00e1, <strong>las redes sociales se han convertido en poderosas aliadas de comunicaci\u00f3n<\/strong>: Telegram, Whatsapp y otras aplicaciones han funcionado para ampliar la experiencia en cuanto a la atenci\u00f3n al cliente se refiere. Todo eso en paquete suma puntos para que las p\u00e1ginas web tengan una mejor calificaci\u00f3n ante los ojos de nuestro equipo de trabajo.<\/p>\n<p>La \u00fanica gran diferencia que consideramos entre casinos en l\u00ednea y casas de apuestas deportivas es la cantidad y calidad de juegos que ofrezcan en su cat\u00e1logo, por supuesto, su principal atractivo son los juegos de casinos como el p\u00f3ker, blackjack, ruleta o m\u00e1quinas tragamonedas.<\/p>\n<p>Mientras en las casas de apuestas lo m\u00e1s importante es que haya <strong>una gran cantidad de deportes en los cuales apostar<\/strong> y un sinf\u00edn de ligas, partidos y combates en cada una de ellas, en el caso de los casinos lo m\u00e1s importante es que haya una cantidad de juegos muy variable para satisfacer todos los gustos, desde los juegos cl\u00e1sicos, los modernos, basados en pel\u00edculas o comics, entre muchas otras cosas.<\/p>\n<p>Aqu\u00ed ampliamos todo lo que necesitas saber del juego online en Per\u00fa, especialmente en torno a los mejores casinos online, aqu\u00ed solamente encontrar\u00e1s casinos recomendados por nuestro equipo de trabajo, por lo que puedes tener total tranquilidad y confianza de comenzar a jugar.<\/p>\n<p>No te pierdas aqu\u00ed m\u00e1s detalles de los puntos que valoramos para recomendarte alguno de los casinos en l\u00ednea de Per\u00fa.<\/p>\n<h2>Principales cualidades a valorar de un casino en l\u00ednea<\/h2>\n<h3>Bonos de bienvenida<\/h3>\n<p>Los bonos de bienvenida son las promociones que los casinos online ofrecen para atraer a nuevos jugadores, en la mayor\u00eda de los casinos funcionan de la misma forma que en las casas de apuestas, el sitio web entrega al usuario una cantidad de dinero extra a su primer dep\u00f3sito o incluso por el simple hecho de registrarse en la p\u00e1gina.<\/p>\n<p>En general, cualquiera de las dos opciones son una manera de atraer nuevos clientes, ya sea gente que reci\u00e9n vive su primera experiencia en el juego online en Per\u00fa o que simplemente busquen cambiar de casino online.<\/p>\n<p>Sin lugar a dudas, este es uno de los factores que m\u00e1s pueden influir en un jugador a la hora de decantarse por un casino online, pero no siempre se deben dejar llevar por <a href=\"\/pe\/bonos\/\">la cantidad de dinero que se ofrezca el bono de bienvenida<\/a>, tambi\u00e9n es bueno tomar consideraciones como el rollover que se debe cumplir para liberar sus ganancias.<\/p>\n<h4>Bonos sin dep\u00f3sito<\/h4>\n<p>Este es el bono m\u00e1s atractivo de los que existen, porque como su nombre lo dice, no necesitas realizar ning\u00fan dep\u00f3sito en pesos peruanos, simplemente debes registrarte en cualquiera de los casinos online que ofrecen este beneficio y en autom\u00e1tico recibir\u00e1s una cuant\u00eda para comenzar a jugar.<\/p>\n<p>No hay mayor ciencia, <a href=\"\/pe\/tipos-bonos\/bonos-sin-deposito\/\">el bono sin dep\u00f3sito<\/a> es una estrategia agresiva para todos aquellos que se registran por primera vez en una p\u00e1gina de casino y la intenci\u00f3n es que se quede jugando en ese sitio web.<\/p>\n<p>No todo es tan simple, para poder convertir la bonificaci\u00f3n en dinero real es necesario cumplir con la serie de t\u00e9rminos y condiciones que tiene el bono, en resumen: para retirar dinero real de tu cuenta deber\u00e1s apostar la cantidad del bono en cierta cantidad de ocasiones, esto es algo que se conoce como rollover y son los mejores casinos los que deciden de cu\u00e1nto es este rollover.<\/p>\n<h4>Bonos por primer dep\u00f3sito<\/h4>\n<p>Los bonos m\u00e1s habituales son estos, porque consisten en que <strong>debes realizar un primer dep\u00f3sito con un importe m\u00ednimo<\/strong> tras tu registro para que se entregue un porcentaje en forma de regalo.<\/p>\n<p>Una vez que un jugador se registra en un casino, debe realizar su primer dep\u00f3sito, usualmente tambi\u00e9n existe un importe m\u00ednimo elegido por los casinos online, el resto simplemente es aceptar la bonificaci\u00f3n y posteriormente comenzar con la diversi\u00f3n en los mejores juegos de azar que existen en la web.<\/p>\n<p>Al igual que en otros tipos de bonos de bienvenida, <strong>se debe seguir una serie de t\u00e9rminos y condiciones<\/strong> para convertir el bono en dinero real\/ganancias, lo m\u00e1s habitual es que se deba cumplir con un rollover para lograr liberar las ganancias.<\/p>\n<h4>Bono de giros gratis<\/h4>\n<p>Este tipo de bono es sumamente distinto en algunos aspectos, esto se debe a que no consiste como tal en una cantidad de dinero, pero s\u00ed es posible obtener ganancias con ellos.<\/p>\n<p>Este tipo de bonificaci\u00f3n de giros gratis <strong>suele dar ventaja a los nuevos jugadores<\/strong>. La cantidad de giros recibidos se entrega en funci\u00f3n de la cantidad depositada, operando en varios rangos de bonificaci\u00f3n.<\/p>\n<p>Lo m\u00e1s habitual es que tengan un valor determinado y que solamente se pueda jugar en ciertas m\u00e1quinas tragamonedas, el casino es el que determina cu\u00e1les son los t\u00edtulos en los que puede jugar y tambi\u00e9n suele tener determinados los m\u00e1ximos de ganancias que se pueden obtener a trav\u00e9s de este tipo de bonificaciones.<\/p>\n<h4>Bono de m\u00faltiples dep\u00f3sitos<\/h4>\n<p>Este bono funciona de una manera muy similar al tradicional bono de primer dep\u00f3sito, la diferencia est\u00e1 en que suelen ser promociones que <strong>abarcan m\u00e1s de un ingreso<\/strong>, lo m\u00e1s com\u00fan es que funcionen en los primeros cuatro dep\u00f3sitos.<\/p>\n<p>Cada uno de los dep\u00f3sitos y bonos puede tener un porcentaje de hasta cierta cuant\u00eda diferente, o pueden ser todos iguales, eso depende exclusivamente del casino que otorgue la oferta.<\/p>\n<p>Eso s\u00ed, cada uno de los bonos tiene <strong>sus propios t\u00e9rminos y condiciones y\/o rollover<\/strong>, as\u00ed que debes ir desbloqueando cada uno de ellos para alcanzar ganancias y liberar todos ellos.<\/p>\n<h3>Juegos<\/h3>\n<p>Es importante que se revise la cantidad y calidad de juegos que existen en un casino online, aunque hay clientes que est\u00e1n sumamente casados con alg\u00fan t\u00edtulo o un estilo de juego, no todos tienen la experiencia para decidir, as\u00ed que <strong>mientras m\u00e1s grande sea el cat\u00e1logo, m\u00e1s f\u00e1cilmente se puede conseguir un t\u00edtulo del inter\u00e9s<\/strong> de los nuevos usuarios.<\/p>\n<p>Lo m\u00e1s habitual es que existan m\u00e1quinas tragamonedas, juegos de cartas como p\u00f3ker o blackjack, ruletas, bingos, una secci\u00f3n de juegos en vivo y mucho m\u00e1s.<\/p>\n<h4>M\u00e1quinas Tragamonedas<\/h4>\n<p>El juego del que m\u00e1s variedad suele existir son las m\u00e1quinas tragamonedas. Obviamente, este tradicional juego ha sido llevado al mundo online gracias a diversos operadores y desarrolladores de software.<\/p>\n<p>Lo m\u00e1s habitual es que haya toda clase de m\u00e1quinas, <strong>con diversos personajes y tem\u00e1ticas<\/strong>, incluso algunas pel\u00edculas o series han inspirado estos juegos.<\/p>\n<p>En resumen, las m\u00e1quinas tragamonedas consisten en presionar el bot\u00f3n correspondiente para que los carretes (el n\u00famero depende de la m\u00e1quina) giren y <strong>con ellos se generen distintas combinaciones que te hagan ganador<\/strong>. Adem\u00e1s puedes obtener giros gratis o cualquier otra bonificaci\u00f3n que est\u00e9 pactada en el juego.<\/p>\n<h4>P\u00f3ker<\/h4>\n<p>El p\u00f3ker es uno de los juegos m\u00e1s populares de todo el mundo, es practicado en multitud e incluso tiene un sinf\u00edn de <strong>torneos y competencias profesionales<\/strong>.<\/p>\n<p>En cuanto a los establecimientos f\u00edsicos, no hay un casino que no tenga mesas para su pr\u00e1ctica, aunque en los casinos online de Per\u00fa, no todos cuentan con ellas, aunque s\u00ed con otras mesas de juego como la de baccarat.<\/p>\n<p>En general, <strong>los or\u00edgenes del p\u00f3ker se podr\u00eda decir que son un poco inciertos<\/strong>, aunque la teor\u00eda que m\u00e1s se ha aceptado es que es una mezcla de varios juegos y que comenz\u00f3 a popularizarse hasta la d\u00e9cada de 1970 con las Series Mundiales de P\u00f3ker.<\/p>\n<p>El objetivo de este juego es que, a trav\u00e9s de la combinaci\u00f3n de las cartas, se debe lograr una mano mejor que la de los rivales o el crupier para poder ganar la ronda. En el p\u00f3ker las variantes del juego son pr\u00e1cticamente infinitas, existiendo un abanico de opciones seg\u00fan el estilo de jugador que seas o lo que prefieras probar en ese momento.<\/p>\n<h4>Ruleta<\/h4>\n<p>La ruleta es otro de los juegos m\u00e1s cl\u00e1sicos y representativos de los casinos. El objetivo es muy sencillo en este juego, debes acertar que la bolita se detenga en el n\u00famero al que apostaste.<\/p>\n<p>No hay mayor ciencia. Para lograrlo <strong>se lanza la bola a rodar por una ranura de la ruleta<\/strong>, cuando esta comienza a ralentizarse, cae en la zona con celdillas con n\u00fameros.<\/p>\n<p>En el mundo online es exactamente lo mismo, la \u00fanica evidente diferencia es que la ruleta no estar\u00e1 presente de manera f\u00edsica, aunque tambi\u00e9n puedes jugar en la secci\u00f3n de casino en vivo para poder observar el movimiento natural de la ruleta y la pelotita.<\/p>\n<h4>Blackjack<\/h4>\n<p>El blackjack es uno de los juegos m\u00e1s populares de los casinos, <strong>tanto f\u00edsicos como online<\/strong>, esto se debe a que es un juego de cartas sumamente sencillo y de buen entretenimiento.<\/p>\n<p>Lo \u00fanico que se debe hacer es sumar 21 con el valor de las cartas sin pasarse. Sus reglas han durado hasta la actualidad y se ha ido adaptando, de tal suerte que sigue siendo sumamente entretenido y emocionante.<\/p>\n<p>Su \u00e9xito radica en que no te enfrentas a alguien en espec\u00edfico, <strong>sino directamente a la banca y debes tener la mejor mano posible<\/strong>. La banca gana cuando tiene una mejor mano que la tuya o te pases de 21; empatar\u00e1 contigo si tiene el mismo n\u00famero de puntos y perder\u00e1 si tu mano es superior o se pasa de 21.<\/p>\n<p>Las cartas del 2 al 10 tienen el mismo valor, la J, Q y K valen siempre 10 puntos y el as tendr\u00e1 valor de tu elecci\u00f3n de 1 u 11.<\/p>\n<h3>M\u00e9todos de pago<\/h3>\n<p>Los m\u00e9todos de pago son uno de los puntos m\u00e1s b\u00e1sicos que se deben destacar en los an\u00e1lisis de cu\u00e1l es el casino m\u00e1s conveniente.<\/p>\n<p>Si eres uno de los jugadores que tienen acceso a las tarjetas de cr\u00e9dito o d\u00e9bito como <a href=\"\/pe\/depositos\/visa\/\">Visa<\/a>, <a href=\"\/pe\/casinos-online\/\">Mastercard<\/a> e incluso American Express, no tendr\u00e1s ning\u00fan problema; con las aplicaciones de los bancos tambi\u00e9n podr\u00e1s realizar transferencias bancarias, una de las alternativas que m\u00e1s se han popularizado por el mundo en la actualidad.<\/p>\n<p>Este punto es importante sobre todo para aquellos que no est\u00e1n cerca de las instituciones bancarias, siempre es relevante que haya alternativas para que los nuevos jugadores no se decepcionen, especialmente porque hablamos de las posibilidades para mandar su dinero directo a su cuenta de casino y tambi\u00e9n debido a que querr\u00e1n retirar los fondos que hayan ganado en los juegos o juegos en vivo.<\/p>\n<p>Existen diversos m\u00e9todos de pago que se han ido popularizando para aquellos que no quieren estar cerca de los tr\u00e1mites bancarios, para ellos existen diversas billeteras electr\u00f3nicas, tarjetas de prepago, criptomonedas y un sinf\u00edn de maneras de pagar.<\/p>\n<p>En Per\u00fa, una de las maneras m\u00e1s populares es <a href=\"\/pe\/depositos\/paysafecard\/\">Paysafecard<\/a>, un medio de prepago que funciona a trav\u00e9s de c\u00f3digos y que hace muy r\u00e1pidas y sencillas las transacciones. Pero no es todo, porque tambi\u00e9n se aceptan otros m\u00e9todos de pago como <a href=\"\/pe\/depositos\/pagoefectivo\/\">PagoEfectivo<\/a>, <a href=\"\/pe\/depositos\/pagodirecto\/\">PagoDirecto<\/a> o incluso las criptomonedas como <a href=\"\/pe\/depositos\/bitcoin\/\">Bitcoin<\/a>, uno de los m\u00e9todos que suele estar siempre en el ojo del hurac\u00e1n.<\/p>\n<h3>Atenci\u00f3n a clientes<\/h3>\n<p>Muchas personas <strong>pasan por alto que la atenci\u00f3n a clientes<\/strong> y formas de comunicaci\u00f3n con soporte son sumamente importantes para decidir por un casino u otro. En general, es normal que se obvie este punto, en lo que uno menos piensa es en que va a tener problemas, sin embargo, es esencial porque nunca sabes cuando puede surgir alguna situaci\u00f3n.<\/p>\n<p>Los dos puntos que consideramos m\u00e1s importantes para este particular punto es la cantidad de las formas de comunicarse a soporte y la calidad de la atenci\u00f3n al cliente. Una de las cosas m\u00e1s recomendables que existe es <strong>que la atenci\u00f3n pueda realizarse a lo largo de las 24 horas del d\u00eda<\/strong>, uno nunca sabe el momento en el que se puede presentar alg\u00fan conflicto, pues hay gente que gusta de jugar a altas horas de la noche y tener en funcionamiento varias horas es algo que puede facilitar a todos la comunicaci\u00f3n.<\/p>\n<p>Es verdad que lo m\u00e1s usual en la actualidad es contar con una l\u00ednea telef\u00f3nica y un correo electr\u00f3nico, pero tambi\u00e9n hay un formulario (que es enviado v\u00eda correo electr\u00f3nico). Algunos casinos han comenzado a optar por chats en vivo, <strong>atenci\u00f3n a trav\u00e9s de redes sociales o Whatsapp<\/strong>, adem\u00e1s de desarrollar de la mejor manera posible una secci\u00f3n de preguntas y respuestas.<\/p>\n<p>Todo en conjunto hacen que un lugar tenga una buena o mejorable atenci\u00f3n a clientes, aqu\u00ed lo juzgaremos a detalle para que puedas tener una gran decisi\u00f3n y tu paso por el mundo de los juegos de azar de Per\u00fa sea sumamente disfrutable.<\/p>\n<h3>Seguridad<\/h3>\n<p>En Per\u00fa <strong>el juego online est\u00e1 completamente regulado\u00a0<\/strong>desde febrero de 2024. De acuerdo con el reglamento de la Ley N\u00ba 31557, el Ministerio de Comercio Exterior y Turismo (Mincetur) es quien se encarga de expedir las licencias para casinos online o casas de apuestas deportivas. Por lo anterior, apostar en l\u00ednea es totalmente seguro y confiable.<\/p>\n<p>Cabe destacar que existen otras licencias a dem\u00e1s de las expedidas por las autoridades peruanas, por ejemplo, los permisos internacionales de pa\u00edses como Curazao, Malta, Gibraltar, Reino Unido (Gambling Comission) o Irlanda, los cuales son pioneros en las leyes relacionadas con el sector de los juegos de azar.<\/p>\n<p>Son justamente estas licencias las que pueden brindar tranquilidad a los jugadores de que <strong>sus datos personales y bancarios estar\u00e1n completamente seguros;<\/strong>\u00a0solo as\u00ed muchos tienen la fiabilidad de comenzar a jugar sin conflicto alguno.<\/p>\n<p>Si eres un nuevo jugador, no temas acercarte a nosotros para conocer las mejores opciones de casinos online que hay en el mercado de Per\u00fa. Aqu\u00ed te orientaremos para que tu aventura por el mundo de los juegos de azar sea lo mejor posible, disfrutes, te diviertas y, con algo de suerte, puedas tener ganancias en dinero real.<\/p>\n","protected":false},"excerpt":{"rendered":"<p>Puede llamar mucho la atenci\u00f3n que dentro de las principales casas de apuestas\u00a0que existen en Per\u00fa encontrar\u00e1s que casi todas cuentan con una secci\u00f3n de casino online, esto es una situaci\u00f3n habitual que se debe a que la mayor\u00eda de las p\u00e1ginas pertenecen a alguna cadena de casinos f\u00edsicos y online; en general, es completamente [&hellip;]<\/p>\n","protected":false},"author":7,"featured_media":0,"parent":0,"menu_order":0,"comment_status":"closed","ping_status":"closed","template":"template_casinos_online.php","meta":{"_acf_changed":false,"footnotes":""},"class_list":["post-2279","page","type-page","status-publish","hentry"],"acf":[],"_links":{"self":[{"href":"https:\/\/casasdeapuestas.bet\/pe\/wp-json\/wp\/v2\/pages\/2279","targetHints":{"allow":["GET"]}}],"collection":[{"href":"https:\/\/casasdeapuestas.bet\/pe\/wp-json\/wp\/v2\/pages"}],"about":[{"href":"https:\/\/casasdeapuestas.bet\/pe\/wp-json\/wp\/v2\/types\/page"}],"author":[{"embeddable":true,"href":"https:\/\/casasdeapuestas.bet\/pe\/wp-json\/wp\/v2\/users\/7"}],"replies":[{"embeddable":true,"href":"https:\/\/casasdeapuestas.bet\/pe\/wp-json\/wp\/v2\/comments?post=2279"}],"version-history":[{"count":15,"href":"https:\/\/casasdeapuestas.bet\/pe\/wp-json\/wp\/v2\/pages\/2279\/revisions"}],"predecessor-version":[{"id":11520,"href":"https:\/\/casasdeapuestas.bet\/pe\/wp-json\/wp\/v2\/pages\/2279\/revisions\/11520"}],"wp:attachment":[{"href":"https:\/\/casasdeapuestas.bet\/pe\/wp-json\/wp\/v2\/media?parent=2279"}],"curies":[{"name":"wp","href":"https:\/\/api.w.org\/{rel}","templated":true}]}}