{"id":10215,"date":"2023-10-25T14:13:43","date_gmt":"2023-10-25T19:13:43","guid":{"rendered":"https:\/\/casasdeapuestas.bet\/pe\/?page_id=10215"},"modified":"2026-01-26T07:55:03","modified_gmt":"2026-01-26T12:55:03","slug":"contacto","status":"publish","type":"page","link":"https:\/\/casasdeapuestas.bet\/pe\/contacto\/","title":{"rendered":"Contacto"},"content":{"rendered":"<p>Si tienes alguna duda con respecto a las casas de apuestas de nuestros rankings, te surge alg\u00fan problema mientras navegas por nuestro sitio web <a href=\"https:\/\/casasdeapuestas.bet\/pe\/\">https:\/\/casasdeapuestas.bet\/pe\/<\/a>, o necesitas ayuda con cualquier otro aspecto de nuestro sitio, ponte en contacto con nosotros. Puedes enviarnos un correo electr\u00f3nico a <strong>contacto[arroba]casasdeapuestas.bet<\/strong> y nos pondremos a tu disposici\u00f3n en el menor tiempo posible.<\/p>\n<p><em>Si nos env\u00edas un email, est\u00e1s aceptando la pol\u00edtica de privacidad, as\u00ed como la inclusi\u00f3n de tus datos en un fichero de casasdeapuestas.bet. Puedes ejercitar tus derechos de informaci\u00f3n, acceso, rectificaci\u00f3n y supresi\u00f3n, de limitaci\u00f3n al tratamiento, de portabilidad y de oposici\u00f3n de los datos personales facilitados, remitiendo un correo electr\u00f3nico a la direcci\u00f3n contacto[arroba]casasdeapuestas.bet<\/em><\/p>\n<p><strong>\u00bfSeguro que necesitas contactarnos?\u00a0<\/strong>Dentro de nuestro sitio puedes encontrar informaci\u00f3n, gu\u00edas, an\u00e1lisis y todo tipo de contenidos para resolver tus dudas acerca de las principales casas de apuestas de Per\u00fa. Algunos enlaces de inter\u00e9s que pueden resolver tus dudas son:<\/p>\n<ul>\n<li><a href=\"\/pe\/casas\/bet365\/\">Rese\u00f1a y an\u00e1lisis de Bet365 Per\u00fa<\/a><\/li>\n<li><a href=\"\/pe\/casas\/betano\/\">Rese\u00f1a y an\u00e1lisis de Betano Per\u00fa<\/a><\/li>\n<li><a href=\"\/pe\/casas\/betwarrior\/\">Rese\u00f1a y an\u00e1lisis de Betwarrior Per\u00fa<\/a><\/li>\n<li><a href=\"\/pe\/depositos\/pagodirecto\/\">Casas de apuestas que aceptan dep\u00f3sitos con PagoDirecto<\/a><\/li>\n<li><a href=\"\/pe\/depositos\/pagoefectivo\/\">Casas de apuestas que aceptan dep\u00f3sitos con PagoEfectivo<\/a><\/li>\n<li><a href=\"\/pe\/depositos\/plin\/\">Casas de apuestas que aceptan dep\u00f3sitos con Plin<\/a><\/li>\n<li><a href=\"\/pe\/depositos\/yape\/\">Casas de apuestas que aceptan dep\u00f3sitos con Yape<\/a><\/li>\n<li><a href=\"\/pe\/calculadora\/\">Calculadora de apuestas seguras o surebets<\/a><\/li>\n<\/ul>\n","protected":false},"excerpt":{"rendered":"<p>Si tienes alguna duda con respecto a las casas de apuestas de nuestros rankings, te surge alg\u00fan problema mientras navegas por nuestro sitio web https:\/\/casasdeapuestas.bet\/pe\/, o necesitas ayuda con cualquier otro aspecto de nuestro sitio, ponte en contacto con nosotros. Puedes enviarnos un correo electr\u00f3nico a contacto[arroba]casasdeapuestas.bet y nos pondremos a tu disposici\u00f3n en el [&hellip;]<\/p>\n","protected":false},"author":8,"featured_media":0,"parent":0,"menu_order":0,"comment_status":"closed","ping_status":"closed","template":"","meta":{"_acf_changed":false,"footnotes":""},"class_list":["post-10215","page","type-page","status-publish","hentry"],"acf":[],"_links":{"self":[{"href":"https:\/\/casasdeapuestas.bet\/pe\/wp-json\/wp\/v2\/pages\/10215","targetHints":{"allow":["GET"]}}],"collection":[{"href":"https:\/\/casasdeapuestas.bet\/pe\/wp-json\/wp\/v2\/pages"}],"about":[{"href":"https:\/\/casasdeapuestas.bet\/pe\/wp-json\/wp\/v2\/types\/page"}],"author":[{"embeddable":true,"href":"https:\/\/casasdeapuestas.bet\/pe\/wp-json\/wp\/v2\/users\/8"}],"replies":[{"embeddable":true,"href":"https:\/\/casasdeapuestas.bet\/pe\/wp-json\/wp\/v2\/comments?post=10215"}],"version-history":[{"count":5,"href":"https:\/\/casasdeapuestas.bet\/pe\/wp-json\/wp\/v2\/pages\/10215\/revisions"}],"predecessor-version":[{"id":11047,"href":"https:\/\/casasdeapuestas.bet\/pe\/wp-json\/wp\/v2\/pages\/10215\/revisions\/11047"}],"wp:attachment":[{"href":"https:\/\/casasdeapuestas.bet\/pe\/wp-json\/wp\/v2\/media?parent=10215"}],"curies":[{"name":"wp","href":"https:\/\/api.w.org\/{rel}","templated":true}]}}