{"id":634,"date":"2020-04-15T15:11:53","date_gmt":"2020-04-15T15:11:53","guid":{"rendered":"https:\/\/casasdeapuestas.bet\/?page_id=634"},"modified":"2024-06-03T15:37:55","modified_gmt":"2024-06-03T20:37:55","slug":"equipo","status":"publish","type":"page","link":"https:\/\/casasdeapuestas.bet\/ec\/equipo\/","title":{"rendered":"Equipo"},"content":{"rendered":"<p>En<a href=\"\/ec\/\"> casasdeapuestas.bet\/ec\/<\/a> nos esforzamos por ofrecer la mejor informaci\u00f3n sobre apuestas deportivas a nuestros usuarios. Rese\u00f1as honestas y veraces, herramientas \u00fatiles para apostar, los mejores m\u00e9todos de pago con los que depositar y retirar dinero, con todas las indicaciones posibles para hacer el proceso r\u00e1pido y sencillo, la actualidad del mundo de las apuestas\u2026<\/p>\n<p>Todo ello no ser\u00eda posible sin el equipo humano que compone y da forma a esta web:<br \/>\n<div class=\"space-page-content-wrap relative contenido-miembro loop-members\"><div class=\"contetn-member-item space-casino-header-logo-title box-100 relative\">\n\t\t\t\t\t<div class=\"space-casino-header-logo-box relative\">\n\t\t\t\t\t\t<img decoding=\"async\" class=\"img-member skip-lazy\" src=\"https:\/\/casasdeapuestas.bet\/ec\/wp-content\/uploads\/sites\/8\/2023\/09\/antonio-definitiva.jpg\" alt=\"Antonio Caro\">\n\t\t\t\t\t<\/div>\n\t\t\t\t\t<div class=\"space-page-desc-member\">\n\t\t\t\t\t\t<div class=\"space-casino-header-title-box relative\">\n\t\t\t\t\t\t\t<div class=\"space-casino-header-title-box-ins box-100 relative\">\n\t\t\t\t\t\t\t\t<div class=\"space-contet-heading\" style=\"align-items: center;\">\n\t\t\t\t\t\t\t\t\t<a href=\"https:\/\/casasdeapuestas.bet\/ec\/equipo\/antonio-caro\/\"><p class=\"name-member\" style=\"padding: initial;\">Antonio Caro<\/p><\/a>\n\t\t\t\t\t\t\t\t\t<div class=\"redesSociales-member\">\n\t\t\t\t\t\t\t\t\t\t\n\t\t\t\t\t\t\t\t\t\t\n\t\t\t\t\t\t\t\t\t\t<a style=\"text-decoration: none;\" href=\"https:\/\/twitter.com\/antoninonin__\" target=\"_blank\" rel=\"noreferrer noopener\"><i class=\"fa-brands fa-x-twitter i-twitter\"><\/i><\/a>\n\t\t\t\t\t\t\t\t\t\t\n\t\t\t\t\t\t\t\t\t<\/div>\n\t\t\t\t\t\t\t\t\t<p class=\"puesto-member box-100\">Senior Editor<\/strong>\n\t\t\t\t\t\t\t\t<\/div>\n\t\t\t\t\t\t\t<\/div>\n\t\t\t\t\t\t<\/div>\n\t\t\t\t\t\t<div class=\"content-desc-member\">\n\t\t\t\t\t\t\t<p>Nativo de Espa\u00f1a. Graduado en Periodismo en la Universidad de Castilla-La Mancha. Siento pasi\u00f3n por el deporte, hasta el punto de poder pasar horas viendo cualquier disciplina deportiva. F\u00fatbol y f\u00fatbol sala son mis competencias preferidas, siendo fiel seguidor del Real Madrid. Repartidor de peri\u00f3dicos y publicidad, y redactor como forma de vida, especialista enfocado en el mundo de las apuestas deportivas y el juego online desde 2017.<\/p>\n\t\t\t\t\t\t<\/div>\n\t\t\t\t\t<\/div>\n\t\t\t\t<\/div><div class=\"contetn-member-item space-casino-header-logo-title box-100 relative\">\n\t\t\t\t\t<div class=\"space-casino-header-logo-box relative\">\n\t\t\t\t\t\t<img decoding=\"async\" class=\"img-member skip-lazy\" src=\"https:\/\/casasdeapuestas.bet\/ec\/wp-content\/uploads\/sites\/8\/2023\/09\/humberto-ok.jpg\" alt=\"Humberto Fern\u00e1ndez\">\n\t\t\t\t\t<\/div>\n\t\t\t\t\t<div class=\"space-page-desc-member\">\n\t\t\t\t\t\t<div class=\"space-casino-header-title-box relative\">\n\t\t\t\t\t\t\t<div class=\"space-casino-header-title-box-ins box-100 relative\">\n\t\t\t\t\t\t\t\t<div class=\"space-contet-heading\" style=\"align-items: center;\">\n\t\t\t\t\t\t\t\t\t<a href=\"https:\/\/casasdeapuestas.bet\/ec\/equipo\/humberto-fernandez\/\"><p class=\"name-member\" style=\"padding: initial;\">Humberto Fern\u00e1ndez<\/p><\/a>\n\t\t\t\t\t\t\t\t\t<div class=\"redesSociales-member\">\n\t\t\t\t\t\t\t\t\t\t\n\t\t\t\t\t\t\t\t\t\t<a style=\"text-decoration: none;\" href=\"https:\/\/es.linkedin.com\/in\/humberto-f-843943160\" target=\"_blank\" rel=\"noreferrer noopener\"><i class=\"fa-brands fa-linkedin-in i-linkedin\"><\/i><\/a>\n\t\t\t\t\t\t\t\t\t\t\n\t\t\t\t\t\t\t\t\t\t\n\t\t\t\t\t\t\t\t\t<\/div>\n\t\t\t\t\t\t\t\t\t<p class=\"puesto-member box-100\">Jefe de contenido<\/strong>\n\t\t\t\t\t\t\t\t<\/div>\n\t\t\t\t\t\t\t<\/div>\n\t\t\t\t\t\t<\/div>\n\t\t\t\t\t\t<div class=\"content-desc-member\">\n\t\t\t\t\t\t\t<p>Natural de Sevilla, capital de Andaluc\u00eda en Espa\u00f1a, y enamorado del club de mi ciudad, el Real Betis Balompi\u00e9. Soy jefe de contenido y webmaster de casasdeapuestas.bet desde su creaci\u00f3n y lanzamiento, adem\u00e1s de especialista en otros proyectos relacionados con el gambling y las apuestas deportivas desde 2017. Siempre intento mantenerme al d\u00eda con la actualidad deportiva. El f\u00fatbol, la F1, el tenis y el baloncesto son mis deportes predilectos, teniendo como sue\u00f1os acudir a un partido de NBA y a otro de Roland Garros.<\/p>\n\t\t\t\t\t\t<\/div>\n\t\t\t\t\t<\/div>\n\t\t\t\t<\/div><div class=\"contetn-member-item space-casino-header-logo-title box-100 relative\">\n\t\t\t\t\t<div class=\"space-casino-header-logo-box relative\">\n\t\t\t\t\t\t<img decoding=\"async\" class=\"img-member skip-lazy\" src=\"https:\/\/casasdeapuestas.bet\/ec\/wp-content\/uploads\/sites\/8\/2023\/09\/lenin-definitiva.jpg\" alt=\"Lenin Pati\u00f1o\">\n\t\t\t\t\t<\/div>\n\t\t\t\t\t<div class=\"space-page-desc-member\">\n\t\t\t\t\t\t<div class=\"space-casino-header-title-box relative\">\n\t\t\t\t\t\t\t<div class=\"space-casino-header-title-box-ins box-100 relative\">\n\t\t\t\t\t\t\t\t<div class=\"space-contet-heading\" style=\"align-items: center;\">\n\t\t\t\t\t\t\t\t\t<a href=\"https:\/\/casasdeapuestas.bet\/ec\/equipo\/lenin-patino\/\"><p class=\"name-member\" style=\"padding: initial;\">Lenin Pati\u00f1o<\/p><\/a>\n\t\t\t\t\t\t\t\t\t<div class=\"redesSociales-member\">\n\t\t\t\t\t\t\t\t\t\t\n\t\t\t\t\t\t\t\t\t\t\n\t\t\t\t\t\t\t\t\t\t<a style=\"text-decoration: none;\" href=\"https:\/\/twitter.com\/LeninP100?t=UyifHGXMio5FVwFXUlOcbw&amp;s=09\" target=\"_blank\" rel=\"noreferrer noopener\"><i class=\"fa-brands fa-x-twitter i-twitter\"><\/i><\/a>\n\t\t\t\t\t\t\t\t\t\t\n\t\t\t\t\t\t\t\t\t<\/div>\n\t\t\t\t\t\t\t\t\t<p class=\"puesto-member box-100\">Editor<\/strong>\n\t\t\t\t\t\t\t\t<\/div>\n\t\t\t\t\t\t\t<\/div>\n\t\t\t\t\t\t<\/div>\n\t\t\t\t\t\t<div class=\"content-desc-member\">\n\t\t\t\t\t\t\t<p>Originario de M\u00e9xico. Acumulo seis a\u00f1os de experiencia en el periodismo. El diario Milenio, la Unidad de Investigaciones Period\u00edsticas de la UNAM y la Revista Contral\u00ednea figuran en mi recorrido, a\u00f1adi\u00e9ndose casasdeapuestas.bet desde hace m\u00e1s de cuatro a\u00f1os, t\u00e9cnico en el an\u00e1lisis de eventos y la creaci\u00f3n de contenido audiovisual en el mundo de las apuestas. Exboxeador y amante del futbol, adem\u00e1s, lector afanoso de novelas y peri\u00f3dicos.<\/p>\n\t\t\t\t\t\t<\/div>\n\t\t\t\t\t<\/div>\n\t\t\t\t<\/div><div class=\"contetn-member-item space-casino-header-logo-title box-100 relative\">\n\t\t\t\t\t<div class=\"space-casino-header-logo-box relative\">\n\t\t\t\t\t\t<img decoding=\"async\" class=\"img-member skip-lazy\" src=\"https:\/\/casasdeapuestas.bet\/ec\/wp-content\/uploads\/sites\/8\/2026\/02\/mariano.webp\" alt=\"Mariano Velloso\">\n\t\t\t\t\t<\/div>\n\t\t\t\t\t<div class=\"space-page-desc-member\">\n\t\t\t\t\t\t<div class=\"space-casino-header-title-box relative\">\n\t\t\t\t\t\t\t<div class=\"space-casino-header-title-box-ins box-100 relative\">\n\t\t\t\t\t\t\t\t<div class=\"space-contet-heading\" style=\"align-items: center;\">\n\t\t\t\t\t\t\t\t\t<a href=\"https:\/\/casasdeapuestas.bet\/ec\/equipo\/mariano-velloso\/\"><p class=\"name-member\" style=\"padding: initial;\">Mariano Velloso<\/p><\/a>\n\t\t\t\t\t\t\t\t\t<div class=\"redesSociales-member\">\n\t\t\t\t\t\t\t\t\t\t\n\t\t\t\t\t\t\t\t\t\t\n\t\t\t\t\t\t\t\t\t\t\n\t\t\t\t\t\t\t\t\t\t\n\t\t\t\t\t\t\t\t\t<\/div>\n\t\t\t\t\t\t\t\t\t<p class=\"puesto-member box-100\">Redactor<\/strong>\n\t\t\t\t\t\t\t\t<\/div>\n\t\t\t\t\t\t\t<\/div>\n\t\t\t\t\t\t<\/div>\n\t\t\t\t\t\t<div class=\"content-desc-member\">\n\t\t\t\t\t\t\t<p>Originario de Buenos Aires, Argentina, cuenta con siete a\u00f1os de experiencia en el periodismo, habiendo actuado en Onefootball, la Selecci\u00f3n Argentina de F\u00fatbol y Bolavip, y en coberturas en vivo de finales de UEFA Champions League, Copa Libertadores, Copa Am\u00e9rica, partidos decisivos de la Copa Mundial FIFA y mucho m\u00e1s. Amante del futbol y del basquet en cualquiera de sus variantes, tambi\u00e9n es jugador de f\u00fatbol amateur y aficionado a la m\u00fasica.<\/p>\n\t\t\t\t\t\t<\/div>\n\t\t\t\t\t<\/div>\n\t\t\t\t<\/div><div class=\"contetn-member-item space-casino-header-logo-title box-100 relative\">\n\t\t\t\t\t<div class=\"space-casino-header-logo-box relative\">\n\t\t\t\t\t\t<img decoding=\"async\" class=\"img-member skip-lazy\" src=\"https:\/\/casasdeapuestas.bet\/ec\/wp-content\/uploads\/sites\/8\/2023\/09\/michel-definitiva.jpg\" alt=\"M\u00edchel Cruz\">\n\t\t\t\t\t<\/div>\n\t\t\t\t\t<div class=\"space-page-desc-member\">\n\t\t\t\t\t\t<div class=\"space-casino-header-title-box relative\">\n\t\t\t\t\t\t\t<div class=\"space-casino-header-title-box-ins box-100 relative\">\n\t\t\t\t\t\t\t\t<div class=\"space-contet-heading\" style=\"align-items: center;\">\n\t\t\t\t\t\t\t\t\t<a href=\"https:\/\/casasdeapuestas.bet\/ec\/equipo\/michel-cruz\/\"><p class=\"name-member\" style=\"padding: initial;\">M\u00edchel Cruz<\/p><\/a>\n\t\t\t\t\t\t\t\t\t<div class=\"redesSociales-member\">\n\t\t\t\t\t\t\t\t\t\t\n\t\t\t\t\t\t\t\t\t\t<a style=\"text-decoration: none;\" href=\"https:\/\/www.linkedin.com\/in\/michel-cruz-4a29b4178\/\" target=\"_blank\" rel=\"noreferrer noopener\"><i class=\"fa-brands fa-linkedin-in i-linkedin\"><\/i><\/a>\n\t\t\t\t\t\t\t\t\t\t<a style=\"text-decoration: none;\" href=\"https:\/\/twitter.com\/CruzPopper16\" target=\"_blank\" rel=\"noreferrer noopener\"><i class=\"fa-brands fa-x-twitter i-twitter\"><\/i><\/a>\n\t\t\t\t\t\t\t\t\t\t\n\t\t\t\t\t\t\t\t\t<\/div>\n\t\t\t\t\t\t\t\t\t<p class=\"puesto-member box-100\">Editor<\/strong>\n\t\t\t\t\t\t\t\t<\/div>\n\t\t\t\t\t\t\t<\/div>\n\t\t\t\t\t\t<\/div>\n\t\t\t\t\t\t<div class=\"content-desc-member\">\n\t\t\t\t\t\t\t<p>Nacido en M\u00e9xico. Soy periodista, escritor y ferviente amante del futbol americano, beisbol, basquetbol y automovilismo. Experto en el \u00e1mbito de las apuestas deportivas, redactor de contenidos especiales en casasdeapuestas.bet desde 2020, reportero de Milenio Diario en M\u00e9xico y su secci\u00f3n deportiva La Afici\u00f3n desde 2017. Seguidor de la NFL, NBA, MLB, F1 e IndyCar. He cubierto partidos de NFL, NBA, MLB y Grandes Premios de F1; comenc\u00e9 a ser enviado period\u00edstico del Super Bowl desde la edici\u00f3n LVI (2022).<\/p>\n\t\t\t\t\t\t<\/div>\n\t\t\t\t\t<\/div>\n\t\t\t\t<\/div><div class=\"contetn-member-item space-casino-header-logo-title box-100 relative\">\n\t\t\t\t\t<div class=\"space-casino-header-logo-box relative\">\n\t\t\t\t\t\t<img decoding=\"async\" class=\"img-member skip-lazy\" src=\"https:\/\/casasdeapuestas.bet\/ec\/wp-content\/uploads\/sites\/8\/2026\/02\/profile.jpg\" alt=\"Ricardo Cr\u00easpo\">\n\t\t\t\t\t<\/div>\n\t\t\t\t\t<div class=\"space-page-desc-member\">\n\t\t\t\t\t\t<div class=\"space-casino-header-title-box relative\">\n\t\t\t\t\t\t\t<div class=\"space-casino-header-title-box-ins box-100 relative\">\n\t\t\t\t\t\t\t\t<div class=\"space-contet-heading\" style=\"align-items: center;\">\n\t\t\t\t\t\t\t\t\t<a href=\"https:\/\/casasdeapuestas.bet\/ec\/equipo\/ricardo-crespo\/\"><p class=\"name-member\" style=\"padding: initial;\">Ricardo Cr\u00easpo<\/p><\/a>\n\t\t\t\t\t\t\t\t\t<div class=\"redesSociales-member\">\n\t\t\t\t\t\t\t\t\t\t\n\t\t\t\t\t\t\t\t\t\t\n\t\t\t\t\t\t\t\t\t\t\n\t\t\t\t\t\t\t\t\t\t\n\t\t\t\t\t\t\t\t\t<\/div>\n\t\t\t\t\t\t\t\t\t<p class=\"puesto-member box-100\">Editor jefe<\/strong>\n\t\t\t\t\t\t\t\t<\/div>\n\t\t\t\t\t\t\t<\/div>\n\t\t\t\t\t\t<\/div>\n\t\t\t\t\t\t<div class=\"content-desc-member\">\n\t\t\t\t\t\t\t<p>Periodista brasile\u00f1o y ex atleta de f\u00fatbol americano. Dedicado al periodismo deportivo, trabaj\u00f3 para medios deportivos en Brasil antes de unirse al equipo de casasdeapuestas.bet en 2020 como revisor, editor jefe y gestor de contenidos.<\/p>\n\t\t\t\t\t\t<\/div>\n\t\t\t\t\t<\/div>\n\t\t\t\t<\/div><div class=\"contetn-member-item space-casino-header-logo-title box-100 relative\">\n\t\t\t\t\t<div class=\"space-casino-header-logo-box relative\">\n\t\t\t\t\t\t<img decoding=\"async\" class=\"img-member skip-lazy\" src=\"https:\/\/casasdeapuestas.bet\/ec\/wp-content\/uploads\/sites\/8\/2023\/09\/yael-definitiva.jpg\" alt=\"Yael Rueda\">\n\t\t\t\t\t<\/div>\n\t\t\t\t\t<div class=\"space-page-desc-member\">\n\t\t\t\t\t\t<div class=\"space-casino-header-title-box relative\">\n\t\t\t\t\t\t\t<div class=\"space-casino-header-title-box-ins box-100 relative\">\n\t\t\t\t\t\t\t\t<div class=\"space-contet-heading\" style=\"align-items: center;\">\n\t\t\t\t\t\t\t\t\t<a href=\"https:\/\/casasdeapuestas.bet\/ec\/equipo\/yael-rueda\/\"><p class=\"name-member\" style=\"padding: initial;\">Yael Rueda<\/p><\/a>\n\t\t\t\t\t\t\t\t\t<div class=\"redesSociales-member\">\n\t\t\t\t\t\t\t\t\t\t\n\t\t\t\t\t\t\t\t\t\t<a style=\"text-decoration: none;\" href=\"https:\/\/www.linkedin.com\/in\/yael-rueda-084814260\/\" target=\"_blank\" rel=\"noreferrer noopener\"><i class=\"fa-brands fa-linkedin-in i-linkedin\"><\/i><\/a>\n\t\t\t\t\t\t\t\t\t\t\n\t\t\t\t\t\t\t\t\t\t\n\t\t\t\t\t\t\t\t\t<\/div>\n\t\t\t\t\t\t\t\t\t<p class=\"puesto-member box-100\">Editor<\/strong>\n\t\t\t\t\t\t\t\t<\/div>\n\t\t\t\t\t\t\t<\/div>\n\t\t\t\t\t\t<\/div>\n\t\t\t\t\t\t<div class=\"content-desc-member\">\n\t\t\t\t\t\t\t<p>Nacido en M\u00e9xico en 1995. Redactor en casasdeapuestas.bet de contenido deportivo y experto sobre apuestas desde 2020, adem\u00e1s de reportero del peri\u00f3dico ESTO, el diario deportivo m\u00e1s importante de la Ciudad de M\u00e9xico. Aficionado del Chelsea, amante del futbol y de la lucha libre. Soy un fiel creyente de que divertirse es lo m\u00e1s importante en todo lo que hagas.<\/p>\n\t\t\t\t\t\t<\/div>\n\t\t\t\t\t<\/div>\n\t\t\t\t<\/div><\/div><script type=\"application\/ld+json\">\n\t\t\t{\n\t\t\t\t\"@context\": \"http:\/\/schema.org\",\n\t\t\t\t\"@type\": \"Organization\",\n\t\t\t\t\"employee\": [\n\t\t\t\t\t{\n\t\t\t\t\t\"@type\": \"Person\",\n\t\t\t\t\t\t\"name\": \"Antonio Caro\",\n\t\t\t\t\t\t\"image\": \"https:\/\/casasdeapuestas.bet\/ec\/wp-content\/uploads\/sites\/8\/2023\/09\/antonio-definitiva.jpg\",\n\t\t\t\t\t\t\"sameAs\": [\"https:\/\/twitter.com\/antoninonin__\"],\n\t\t\t\t\t\t\"jobTitle\": \"Senior Editor\"\n\t\t\t\t\t},\n\t\t\t\t\t{\n\t\t\t\t\t\"@type\": \"Person\",\n\t\t\t\t\t\t\"name\": \"Humberto Fern\u00e1ndez\",\n\t\t\t\t\t\t\"image\": \"https:\/\/casasdeapuestas.bet\/ec\/wp-content\/uploads\/sites\/8\/2023\/09\/humberto-ok.jpg\",\n\t\t\t\t\t\t\"sameAs\": [\"https:\/\/es.linkedin.com\/in\/humberto-f-843943160\"],\n\t\t\t\t\t\t\"jobTitle\": \"Jefe de contenido\"\n\t\t\t\t\t},\n\t\t\t\t\t{\n\t\t\t\t\t\"@type\": \"Person\",\n\t\t\t\t\t\t\"name\": \"Lenin Pati\u00f1o\",\n\t\t\t\t\t\t\"image\": \"https:\/\/casasdeapuestas.bet\/ec\/wp-content\/uploads\/sites\/8\/2023\/09\/lenin-definitiva.jpg\",\n\t\t\t\t\t\t\"sameAs\": [\"https:\/\/twitter.com\/LeninP100?t=UyifHGXMio5FVwFXUlOcbw&s=09\"],\n\t\t\t\t\t\t\"jobTitle\": \"Editor\"\n\t\t\t\t\t},\n\t\t\t\t\t{\n\t\t\t\t\t\"@type\": \"Person\",\n\t\t\t\t\t\t\"name\": \"Mariano Velloso\",\n\t\t\t\t\t\t\"image\": \"https:\/\/casasdeapuestas.bet\/ec\/wp-content\/uploads\/sites\/8\/2026\/02\/mariano.webp\",\n\t\t\t\t\t\t\n\t\t\t\t\t\t\"jobTitle\": \"Redactor\"\n\t\t\t\t\t},\n\t\t\t\t\t{\n\t\t\t\t\t\"@type\": \"Person\",\n\t\t\t\t\t\t\"name\": \"M\u00edchel Cruz\",\n\t\t\t\t\t\t\"image\": \"https:\/\/casasdeapuestas.bet\/ec\/wp-content\/uploads\/sites\/8\/2023\/09\/michel-definitiva.jpg\",\n\t\t\t\t\t\t\"sameAs\": [\"https:\/\/twitter.com\/CruzPopper16\",\"https:\/\/www.linkedin.com\/in\/michel-cruz-4a29b4178\/\"],\n\t\t\t\t\t\t\"jobTitle\": \"Editor\"\n\t\t\t\t\t},\n\t\t\t\t\t{\n\t\t\t\t\t\"@type\": \"Person\",\n\t\t\t\t\t\t\"name\": \"Ricardo Cr\u00easpo\",\n\t\t\t\t\t\t\"image\": \"https:\/\/casasdeapuestas.bet\/ec\/wp-content\/uploads\/sites\/8\/2026\/02\/profile.jpg\",\n\t\t\t\t\t\t\n\t\t\t\t\t\t\"jobTitle\": \"Editor jefe\"\n\t\t\t\t\t},\n\t\t\t\t\t{\n\t\t\t\t\t\"@type\": \"Person\",\n\t\t\t\t\t\t\"name\": \"Yael Rueda\",\n\t\t\t\t\t\t\"image\": \"https:\/\/casasdeapuestas.bet\/ec\/wp-content\/uploads\/sites\/8\/2023\/09\/yael-definitiva.jpg\",\n\t\t\t\t\t\t\"sameAs\": [\"https:\/\/www.linkedin.com\/in\/yael-rueda-084814260\/\"],\n\t\t\t\t\t\t\"jobTitle\": \"Editor\"\n\t\t\t\t\t}]}<\/script><\/p>\n<h2>Nuestra misi\u00f3n<\/h2>\n<p>Casasdeapuestas.bet cree firmemente en la seguridad y el juego online responsable. Es por ello que toda la informaci\u00f3n que recopilamos y exponemos aqu\u00ed para nuestros usuarios es real, ha sido verificada y cotejada.<\/p>\n<p>En un exhaustivo proceso de an\u00e1lisis, ofrecemos rese\u00f1as completas sobre casas de apuestas, sus bonos y promociones, su oferta de mercados de apuesta, m\u00e9todos de pago, y mucho m\u00e1s, con el fin de que el jugador pueda elegir de la forma m\u00e1s segura posible entre las opciones que tiene en la pantalla.<\/p>\n<p>Junto a ello, nuestros usuarios tambi\u00e9n podr\u00e1n encontrar una secci\u00f3n acad\u00e9mica con todo tipo de informaci\u00f3n did\u00e1ctica que podr\u00e1 ser usada para apostar con mayor seguridad si cabe, junto a una calculadora de surebets o apuestas seguras.<\/p>\n<p>Por \u00faltimo tambi\u00e9n ofrecemos art\u00edculos sobre los principales eventos deportivos a nivel mundial, ya sean partidos de f\u00fatbol, tenis, baloncesto, o previas de grandes torneos, todo ello con una comparaci\u00f3n de cuotas para que el usuario pueda acceder a la casa que mejores condiciones le ofrece.<\/p>\n<p>En definitiva, todo lo que encontrar\u00e1s en este sitio est\u00e1 hecho desde el m\u00e1ximo rigor para que puedas decidir jugar con total seguridad en todos los sentidos.<\/p>\n","protected":false},"excerpt":{"rendered":"<p>En casasdeapuestas.bet\/ec\/ nos esforzamos por ofrecer la mejor informaci\u00f3n sobre apuestas deportivas a nuestros usuarios. Rese\u00f1as honestas y veraces, herramientas \u00fatiles para apostar, los mejores m\u00e9todos de pago con los que depositar y retirar dinero, con todas las indicaciones posibles para hacer el proceso r\u00e1pido y sencillo, la actualidad del mundo de las apuestas\u2026 Todo [&hellip;]<\/p>\n","protected":false},"author":2,"featured_media":0,"parent":0,"menu_order":0,"comment_status":"closed","ping_status":"closed","template":"team.php","meta":{"_acf_changed":false,"footnotes":""},"class_list":["post-634","page","type-page","status-publish","hentry"],"acf":[],"_links":{"self":[{"href":"https:\/\/casasdeapuestas.bet\/ec\/wp-json\/wp\/v2\/pages\/634","targetHints":{"allow":["GET"]}}],"collection":[{"href":"https:\/\/casasdeapuestas.bet\/ec\/wp-json\/wp\/v2\/pages"}],"about":[{"href":"https:\/\/casasdeapuestas.bet\/ec\/wp-json\/wp\/v2\/types\/page"}],"author":[{"embeddable":true,"href":"https:\/\/casasdeapuestas.bet\/ec\/wp-json\/wp\/v2\/users\/2"}],"replies":[{"embeddable":true,"href":"https:\/\/casasdeapuestas.bet\/ec\/wp-json\/wp\/v2\/comments?post=634"}],"version-history":[{"count":25,"href":"https:\/\/casasdeapuestas.bet\/ec\/wp-json\/wp\/v2\/pages\/634\/revisions"}],"predecessor-version":[{"id":10846,"href":"https:\/\/casasdeapuestas.bet\/ec\/wp-json\/wp\/v2\/pages\/634\/revisions\/10846"}],"wp:attachment":[{"href":"https:\/\/casasdeapuestas.bet\/ec\/wp-json\/wp\/v2\/media?parent=634"}],"curies":[{"name":"wp","href":"https:\/\/api.w.org\/{rel}","templated":true}]}}