{"id":2172,"date":"2021-03-19T17:59:21","date_gmt":"2021-03-19T17:59:21","guid":{"rendered":"https:\/\/casasdeapuestas.bet\/ar\/?page_id=2172"},"modified":"2024-12-11T12:51:35","modified_gmt":"2024-12-11T17:51:35","slug":"casinos-online","status":"publish","type":"page","link":"https:\/\/casasdeapuestas.bet\/ec\/casinos-online\/","title":{"rendered":"Mejores casinos online en Ecuador"},"content":{"rendered":"<p>Puede llamar mucho la atenci\u00f3n que dentro de las principales <a href=\"\/ec\/\">casas de apuestas<\/a> deportivas que existen en Ecuador encontrar\u00e1s que casi todas cuentan con una secci\u00f3n de casino, esto se debe a que la mayor\u00eda de las p\u00e1ginas pertenecen a alguna cadena de casinos f\u00edsicos y online, en general, es habitual que encuentres las distintas p\u00e1ginas bajo el nombre de la misma compa\u00f1\u00eda.<\/p>\n<p>Elegir un casino online acorde a las necesidades que tiene cada uno de los jugadores es relativamente sencillo. B\u00e1sicamente <strong>se debe hacer un an\u00e1lisis<\/strong> muy similar a los que se hacen respecto a las casas de apuestas, todos <strong>con una serie de caracter\u00edsticas<\/strong> y requisitos para que se pueda asegurar que existir\u00e1 una experiencia completamente satisfactoria.<\/p>\n<p>En t\u00e9rminos generales, <strong>no existen grandes diferencias a las de las casas de apuestas deportivas<\/strong>, en la secci\u00f3n de casinos online de Ecuador tambi\u00e9n se suele tener una cantidad interesante e importante de bonos y promociones, muchos suelen ser exclusivos para la secci\u00f3n de juegos y en otros casos particulares se puede usar de forma indiscriminada entre las apuestas deportivas y los casinos.<\/p>\n<p>Eso s\u00ed: los bonos de casino (puede ser <a href=\"\/ec\/bonos\/\">bono<\/a> sin dep\u00f3sito o de primer dep\u00f3sito) suele ser uno de los aspectos principales que se deben considerar a la hora de elegir una plataforma de juegos. Lo m\u00e1s importante es la cantidad y la cualidad del bono: dos caracter\u00edsticas importantes que se deben valorar antes de elegir la mejor de las opciones.<\/p>\n<p>Adem\u00e1s, existe un punto muy destacable a considerar, como son <strong>los m\u00e9todos de seguridad<\/strong> con los que cuentan los casinos online para garantizar que la experiencia del jugador ser\u00e1 completamente satisfactoria en cuanto a la protecci\u00f3n de datos personales y bancarios.<\/p>\n<p>Otras de las similitudes que hay entre los casinos online y las casas de apuestas deportivas la encontramos en los m\u00e9todos de pago.<\/p>\n<p>Como es de esperarse, en estos sitios web es muy posible encontrar tarjetas de d\u00e9bito, cr\u00e9dito y <a href=\"\/ec\/depositos\/transferencia-bancaria\/\">transferencias bancarias<\/a>, sin duda alguna, los m\u00e9todos de pago m\u00e1s populares en todo el mundo.<\/p>\n<p>Por supuesto, tambi\u00e9n es importante que se cuenten con m\u00e9todos de pago para aquellos clientes que no quieren o no pueden tener acceso a una cuenta con una instituci\u00f3n bancaria. Es por eso que hay m\u00e9todos de pago que pueden ser de gran ayuda: las carteras electr\u00f3nicas, tarjetas de prepago\u00a0 y las criptomonedas, por mencionar algunos.<\/p>\n<p>Por otro lado, <strong>el tema de la atenci\u00f3n a clientes<\/strong> podr\u00eda no parecerte relevante, pero lo cierto es que siempre es fundamental conocer cu\u00e1les son las formas de comunicaci\u00f3n que existen en los casinos online de Ecuador. Mientras cuenten con m\u00e1s medios de comunicaci\u00f3n, m\u00e1s f\u00e1cil deber\u00eda ser solucionar cualquier duda o problema.<\/p>\n<p>Lo m\u00e1s habitual sol\u00eda ser una direcci\u00f3n postal y tel\u00e9fono, pero eso ha comenzado a cambiar con la era tecnol\u00f3gica, tambi\u00e9n el correo electr\u00f3nico, los formularios y el chat en vivo han cobrado relevancia.<\/p>\n<p>Algunos casinos online en Ecuador han ido m\u00e1s all\u00e1, <strong>las redes sociales se han convertido en poderosas aliadas de comunicaci\u00f3n<\/strong>: Telegram, WhatsApp y otras aplicaciones han funcionado para ampliar la experiencia en cuanto a la atenci\u00f3n al cliente se refiere.<\/p>\n<p>Una gran diferencia que existe entre casinos en l\u00ednea y casas de apuestas deportivas es la cantidad y calidad de juegos que ofrezcan en su cat\u00e1logo; por supuesto, su principal atractivo son los juegos de casinos como el p\u00f3ker, blackjack, ruleta o m\u00e1quinas tragamonedas.<\/p>\n<p>Mientras en las casas de apuestas lo m\u00e1s importante es la extensi\u00f3n de deportes en los cuales apostar y un sinf\u00edn de ligas, partidos y combates , en el caso de los casinos lo m\u00e1s importante es que haya una cantidad de juegos para satisfacer todos los gustos, desde los juegos cl\u00e1sicos, modernos, entre otros tipos.<\/p>\n<p>Aqu\u00ed ampliamos todo lo que necesitas saber del juego online en Ecuador, especialmente en torno a los mejores casinos online, aqu\u00ed solamente encontrar\u00e1s casinos recomendados por nuestro equipo de trabajo.<\/p>\n<div id=\"ez-toc-container\" class=\"ez-toc-v2_0_81 counter-hierarchy ez-toc-counter ez-toc-grey ez-toc-container-direction\">\n<div class=\"ez-toc-title-container\">\n<p class=\"ez-toc-title\" style=\"cursor:inherit\">Tabla de contenidos<\/p>\n<span class=\"ez-toc-title-toggle\"><a href=\"#\" class=\"ez-toc-pull-right ez-toc-btn ez-toc-btn-xs ez-toc-btn-default ez-toc-toggle\" aria-label=\"Toggle Table of Content\"><span class=\"ez-toc-js-icon-con\"><span class=\"\"><span class=\"eztoc-hide\" style=\"display:none;\">Toggle<\/span><span class=\"ez-toc-icon-toggle-span\"><svg style=\"fill: #999;color:#999\" xmlns=\"http:\/\/www.w3.org\/2000\/svg\" class=\"list-377408\" width=\"20px\" height=\"20px\" viewBox=\"0 0 24 24\" fill=\"none\"><path d=\"M6 6H4v2h2V6zm14 0H8v2h12V6zM4 11h2v2H4v-2zm16 0H8v2h12v-2zM4 16h2v2H4v-2zm16 0H8v2h12v-2z\" fill=\"currentColor\"><\/path><\/svg><svg style=\"fill: #999;color:#999\" class=\"arrow-unsorted-368013\" xmlns=\"http:\/\/www.w3.org\/2000\/svg\" width=\"10px\" height=\"10px\" viewBox=\"0 0 24 24\" version=\"1.2\" baseProfile=\"tiny\"><path d=\"M18.2 9.3l-6.2-6.3-6.2 6.3c-.2.2-.3.4-.3.7s.1.5.3.7c.2.2.4.3.7.3h11c.3 0 .5-.1.7-.3.2-.2.3-.5.3-.7s-.1-.5-.3-.7zM5.8 14.7l6.2 6.3 6.2-6.3c.2-.2.3-.5.3-.7s-.1-.5-.3-.7c-.2-.2-.4-.3-.7-.3h-11c-.3 0-.5.1-.7.3-.2.2-.3.5-.3.7s.1.5.3.7z\"\/><\/svg><\/span><\/span><\/span><\/a><\/span><\/div>\n<nav><ul class='ez-toc-list ez-toc-list-level-1 eztoc-toggle-hide-by-default' ><li class='ez-toc-page-1 ez-toc-heading-level-2'><a class=\"ez-toc-link ez-toc-heading-1\" href=\"https:\/\/casasdeapuestas.bet\/ec\/casinos-online\/#Principales-cualidades-a-valorar-de-un-casino-en-linea\" >Principales cualidades a valorar de un casino en l\u00ednea<\/a><ul class='ez-toc-list-level-3' ><li class='ez-toc-heading-level-3'><a class=\"ez-toc-link ez-toc-heading-2\" href=\"https:\/\/casasdeapuestas.bet\/ec\/casinos-online\/#Bonos-de-bienvenida\" >Bonos de bienvenida<\/a><\/li><li class='ez-toc-page-1 ez-toc-heading-level-3'><a class=\"ez-toc-link ez-toc-heading-3\" href=\"https:\/\/casasdeapuestas.bet\/ec\/casinos-online\/#Juegos\" >Juegos<\/a><\/li><li class='ez-toc-page-1 ez-toc-heading-level-3'><a class=\"ez-toc-link ez-toc-heading-4\" href=\"https:\/\/casasdeapuestas.bet\/ec\/casinos-online\/#Metodos-de-pago\" >M\u00e9todos de pago<\/a><\/li><li class='ez-toc-page-1 ez-toc-heading-level-3'><a class=\"ez-toc-link ez-toc-heading-5\" href=\"https:\/\/casasdeapuestas.bet\/ec\/casinos-online\/#Atencion-a-clientes\" >Atenci\u00f3n a clientes<\/a><\/li><\/ul><\/li><\/ul><\/nav><\/div>\n<h2><span class=\"ez-toc-section\" id=\"Principales-cualidades-a-valorar-de-un-casino-en-linea\"><\/span>Principales cualidades a valorar de un casino en l\u00ednea<span class=\"ez-toc-section-end\"><\/span><\/h2>\n<h3><span class=\"ez-toc-section\" id=\"Bonos-de-bienvenida\"><\/span>Bonos de bienvenida<span class=\"ez-toc-section-end\"><\/span><\/h3>\n<p>Los bonos de bienvenida <strong>son las promociones que los casinos online ofrecen para atraer a nuevos jugadores<\/strong>, en la mayor\u00eda de los casinos funcionan de la misma forma que en las casas de apuestas, el sitio web entrega al usuario una cantidad de dinero extra a su primer dep\u00f3sito o incluso por el simple hecho de registrarse.<\/p>\n<p>En general, cualquiera de las dos opciones son una manera de atraer nuevos clientes, ya sea gente que reci\u00e9n vive su primera experiencia en el juego online en Ecuador, o que simplemente busquen cambiar de casino online.<\/p>\n<p>Sin lugar a dudas este es uno de los factores que m\u00e1s pueden influir en un jugador a la hora de decantarse por un casino online, pero no siempre es conveniente dejarse llevar solo por la cantidad de dinero que se ofrezca, pues hay que tomar en cuenta aspectos como el rollover que se debe cumplir para liberar el bono y sus ganancias.<\/p>\n<h4>Bonos sin dep\u00f3sito<\/h4>\n<p>Sin lugar a dudas, este es el bono m\u00e1s atractivo, porque no necesitas realizar ning\u00fan dep\u00f3sito en sucres o d\u00f3lares, simplemente debes registrarte en cualquiera de los casinos online que ofrecen este beneficio y en autom\u00e1tico recibir\u00e1s una cuant\u00eda para comenzar a jugar.<\/p>\n<p>No hay mayor ciencia, es una estrategia agresiva y efectiva para todos aquellos que se registran por primera vez en una p\u00e1gina de casino y la intenci\u00f3n es que se quede jugando en ese sitio web.<\/p>\n<p>Para poder convertir la bonificaci\u00f3n en dinero real, es necesario cumplir con la serie de t\u00e9rminos y condiciones que tiene el bono: apostar la cantidad del bono en cierta cantidad de ocasiones, tambi\u00e9n conocido como rollover y el cual puede variar de acuerdo con el casino online.<\/p>\n<h4>Bonos por primer dep\u00f3sito<\/h4>\n<p>Los bonos m\u00e1s habituales son estos, porque consisten en que debes realizar un primer dep\u00f3sito con un importe m\u00ednimo tras tu registro para que se entregue un porcentaje en forma de regalo.<\/p>\n<p>Una vez que un jugador se registra en un casino online, debe realizar su primer dep\u00f3sito, usualmente tambi\u00e9n existe un importe m\u00ednimo elegido por los casinos online, el resto es aceptar la bonificaci\u00f3n y comenzar con la diversi\u00f3n en los mejores juegos de azar que existen en la web.<\/p>\n<p>Al igual que en otros tipos de bonos de bienvenida se debe seguir una serie de t\u00e9rminos y condiciones para convertir el bono en dinero real\/ganancias, siendo lo m\u00e1s habitual el cumplir con un rollover para liberar las ganancias.<\/p>\n<h4>Bono de giros gratis<\/h4>\n<p>Este tipo de bono es completamente distinto en algunos aspectos, pues no consiste como tal en una cantidad de dinero, aunque s\u00ed es posible obtener ganancias con ellos.<\/p>\n<p>El contar giros gratis suele dar ventaja a los nuevos jugadores y la cantidad de giros se entrega en funci\u00f3n de la cantidad depositada, operando en varios rangos de bonificaci\u00f3n.<\/p>\n<p>Lo m\u00e1s habitual es que tengan un valor determinado y que solamente se pueda jugar en ciertas m\u00e1quinas tragamonedas, siendo el casino online el que determine los slots participantes.<\/p>\n<h4>Bono de m\u00faltiples dep\u00f3sitos<\/h4>\n<p>Este bono funciona de una manera muy similar al tradicional bono de primer dep\u00f3sito, la diferencia est\u00e1 en que suelen ser promociones que abarcan m\u00e1s de un ingreso, lo m\u00e1s habitual es que funcionen en los primeros cuatro dep\u00f3sitos.<\/p>\n<p>Cada uno de los dep\u00f3sitos y bonos puede tener un porcentaje diferente en cada dep\u00f3sito o pueden ser todos iguales, aunque eso depender\u00e1 exclusivamente del casino online.<\/p>\n<p>Eso s\u00ed, cada uno de los bonos tiene sus propios t\u00e9rminos y condiciones y\/o rollover, as\u00ed que debes ir desbloqueando cada uno de ellos para alcanzar ganancias y liberar todos ellos.<\/p>\n<h3><span class=\"ez-toc-section\" id=\"Juegos\"><\/span>Juegos<span class=\"ez-toc-section-end\"><\/span><\/h3>\n<p>Es importante que se revise la cantidad y calidad de juegos que existen en un casino online. Aunque hay clientes que est\u00e1n acostumbrados a un tipo de juego, no todos tienen la experiencia para decidir, as\u00ed que <strong>mientras m\u00e1s grande sea el cat\u00e1logo, <\/strong>los nuevos usuarios tendr\u00e1n m\u00e1s variedades por probar.<\/p>\n<p>Lo m\u00e1s habitual es que existan m\u00e1quinas tragamonedas, juegos de cartas como p\u00f3ker o blackjack, ruletas, bingos, una secci\u00f3n de juegos en vivo y mucho m\u00e1s.<\/p>\n<h4>M\u00e1quinas Tragamonedas<\/h4>\n<p>El juego del que m\u00e1s variedad suele existir son las m\u00e1quinas tragamonedas. Este tradicional juego ha sido llevado al mundo online gracias a diversos operadores y desarrolladores de software.<\/p>\n<p>Lo m\u00e1s habitual es que haya toda clase de m\u00e1quinas, con diversos personajes y tem\u00e1ticas, incluso algunas pel\u00edculas o series han inspirado estos juegos.<\/p>\n<p>Para jugar, solo hay que presionar el bot\u00f3n correspondiente para que los carretes giren y con ellos se generen distintas combinaciones que te hagan ganador. El n\u00famero de carretes depender\u00e1 al tipo de slot. Adem\u00e1s, puedes obtener giros gratis o cualquier otra bonificaci\u00f3n que est\u00e9 pactada en el juego.<\/p>\n<h4>P\u00f3ker<\/h4>\n<p>El p\u00f3ker es uno de los juegos m\u00e1s populares de todo el mundo e incluso tiene un sinf\u00edn de torneos y competencias profesionales.<\/p>\n<p>El objetivo de este juego es que, a trav\u00e9s de la combinaci\u00f3n de las cartas, se debe lograr una mano mejor que la de los rivales o el crupier para poder ganar la ronda. En el p\u00f3ker las variantes del juego son pr\u00e1cticamente infinitas, existiendo un abanico de opciones seg\u00fan el estilo de jugador que seas o lo que prefieras probar en ese momento.<\/p>\n<h4>Ruleta<\/h4>\n<p>La ruleta es uno de los juegos m\u00e1s cl\u00e1sicos y representativos de los casinos. El objetivo es muy sencillo en este juego, debes acertar que la bolita se detenga en el n\u00famero al que apostaste.<\/p>\n<p>Para lograrlo se lanza la bola a rodar por una ranura de la ruleta, cuando esta comienza a ralentizarse, cae en la zona con celdillas con n\u00fameros.<\/p>\n<h4>Blackjack<\/h4>\n<p>El blackjack es uno de los juegos m\u00e1s populares de los casinos, tanto f\u00edsicos como online, esto se debe a que es un juego de cartas sumamente sencillo y de buen entretenimiento.<\/p>\n<p>Lo \u00fanico que se debe hacer es sumar 21 con el valor de las cartas sin pasarse. No compites de forma directa con otro jugador, sino contra la banca y su crupier.<\/p>\n<p>La banca gana cuando tiene una mejor mano que la tuya o te pases de 21; empatar\u00e1 contigo si tiene el mismo n\u00famero de puntos y perder\u00e1 si tu mano es superior o se pasa de 21.<\/p>\n<p>Las cartas del 2 al 10 tienen el mismo valor, la J, Q y K valen siempre 10 puntos y el as tendr\u00e1 valor de tu elecci\u00f3n de 1 u 11.<\/p>\n<h3><span class=\"ez-toc-section\" id=\"Metodos-de-pago\"><\/span>M\u00e9todos de pago<span class=\"ez-toc-section-end\"><\/span><\/h3>\n<p>Sin duda alguna, los m\u00e9todos de pago son uno de los puntos m\u00e1s b\u00e1sicos que se deben destacar en los an\u00e1lisis de cu\u00e1l es el casino m\u00e1s conveniente.<\/p>\n<p>Si eres uno de los jugadores que tienen acceso a las tarjetas de cr\u00e9dito y\/o d\u00e9bito como <a href=\"\/ec\/depositos\/visa\/\">Visa<\/a>, <a href=\"\/ec\/depositos\/mastercard\/\">Mastercard<\/a> e incluso American Express, no tendr\u00e1s ning\u00fan problema, incluso con la posibilidad de realizar transferencias bancarias.<\/p>\n<p>Existen diversos m\u00e9todos de pago que se han ido popularizando para aquellos que no quieren estar cerca de los tr\u00e1mites bancarios, como las billeteras electr\u00f3nicas, tarjetas de prepago, criptomonedas y un sinf\u00edn de alternativas.<\/p>\n<p>Quiz\u00e1 distinto a otros pa\u00edses, aqu\u00ed ha costado un poco de trabajo que se comiencen a meter nuevas formas de pagar, pero no dudamos que en el futuro cercano se ampliara la baraja para Ecuador.<\/p>\n<h3><span class=\"ez-toc-section\" id=\"Atencion-a-clientes\"><\/span>Atenci\u00f3n a clientes<span class=\"ez-toc-section-end\"><\/span><\/h3>\n<p>Muchas personas <strong>pasan por alto que el soporte al cliente <\/strong>y los medios de comunicaci\u00f3n con soporte son sumamente importantes para decidir por un casino u otro. Aunque uno piensa que va a tener problemas, sin embargo, es esencial conocer los medios de contacto, porque nunca sabes cuando puede surgir alg\u00fan problema.<\/p>\n<p>Los dos puntos que consideramos importantes en atenci\u00f3n al cliente es la cantidad de las formas de comunicarse a soporte, as\u00ed como la calidad del servicio.<\/p>\n<p>Una de las cosas m\u00e1s recomendables que existen aqu\u00ed es <strong>que la atenci\u00f3n pueda realizarse a lo largo de las 24 horas del d\u00eda<\/strong>, pues uno nunca sabe el momento en el que se puede presentar alg\u00fan conflicto y la comunicaci\u00f3n es esencial.<\/p>\n<p>Lo m\u00e1s usual es contar con una l\u00ednea telef\u00f3nica y un correo electr\u00f3nico, as\u00ed como un formulario (que tambi\u00e9n es enviado v\u00eda correo electr\u00f3nico), aunque los casinos online tambi\u00e9n han optado por chats en vivo, atenci\u00f3n a trav\u00e9s de redes sociales, WhatsApp y una secci\u00f3n de preguntas y respuestas.<\/p>\n<p>Si eres un nuevo jugador, no temas acercarte a nosotros para conocer las mejores opciones de casinos online que hay en el mercado, te orientaremos para que tu aventura por el mundo de los juegos de azar sea lo mejor posible, disfrutes, te diviertas y con algo de suerte, puedas tener ganancias en dinero real.<\/p>\n<div id=\"simple-translate\" class=\"simple-translate-dark-theme\">\n<div>\n<div class=\"simple-translate-button isShow\" style=\"height: 22px; width: 22px; top: 42px; left: -371px;\"><\/div>\n<div class=\"simple-translate-panel \" style=\"width: 300px; height: 200px; top: 0px; left: 0px; font-size: 13px;\">\n<div class=\"simple-translate-result-wrapper\" style=\"overflow: hidden;\">\n<div class=\"simple-translate-move\"><\/div>\n<div class=\"simple-translate-result-contents\">\n<p class=\"simple-translate-candidate\" dir=\"auto\">\n<\/div>\n<\/div>\n<\/div>\n<\/div>\n<\/div>\n","protected":false},"excerpt":{"rendered":"<p>Puede llamar mucho la atenci\u00f3n que dentro de las principales casas de apuestas deportivas que existen en Ecuador encontrar\u00e1s que casi todas cuentan con una secci\u00f3n de casino, esto se debe a que la mayor\u00eda de las p\u00e1ginas pertenecen a alguna cadena de casinos f\u00edsicos y online, en general, es habitual que encuentres las distintas [&hellip;]<\/p>\n","protected":false},"author":7,"featured_media":0,"parent":0,"menu_order":0,"comment_status":"closed","ping_status":"closed","template":"template_casinos_online.php","meta":{"_acf_changed":false,"footnotes":""},"class_list":["post-2172","page","type-page","status-publish","hentry"],"acf":[],"_links":{"self":[{"href":"https:\/\/casasdeapuestas.bet\/ec\/wp-json\/wp\/v2\/pages\/2172","targetHints":{"allow":["GET"]}}],"collection":[{"href":"https:\/\/casasdeapuestas.bet\/ec\/wp-json\/wp\/v2\/pages"}],"about":[{"href":"https:\/\/casasdeapuestas.bet\/ec\/wp-json\/wp\/v2\/types\/page"}],"author":[{"embeddable":true,"href":"https:\/\/casasdeapuestas.bet\/ec\/wp-json\/wp\/v2\/users\/7"}],"replies":[{"embeddable":true,"href":"https:\/\/casasdeapuestas.bet\/ec\/wp-json\/wp\/v2\/comments?post=2172"}],"version-history":[{"count":23,"href":"https:\/\/casasdeapuestas.bet\/ec\/wp-json\/wp\/v2\/pages\/2172\/revisions"}],"predecessor-version":[{"id":11391,"href":"https:\/\/casasdeapuestas.bet\/ec\/wp-json\/wp\/v2\/pages\/2172\/revisions\/11391"}],"wp:attachment":[{"href":"https:\/\/casasdeapuestas.bet\/ec\/wp-json\/wp\/v2\/media?parent=2172"}],"curies":[{"name":"wp","href":"https:\/\/api.w.org\/{rel}","templated":true}]}}