{"id":10354,"date":"2024-01-04T11:35:51","date_gmt":"2024-01-04T16:35:51","guid":{"rendered":"https:\/\/casasdeapuestas.bet\/co\/?page_id=10354"},"modified":"2026-01-26T08:32:41","modified_gmt":"2026-01-26T13:32:41","slug":"juego-responsable","status":"publish","type":"page","link":"https:\/\/casasdeapuestas.bet\/co\/juego-responsable\/","title":{"rendered":"Juego Responsable"},"content":{"rendered":"<p>Todos los jugadores que toman la decisi\u00f3n de jugar en apuestas deportivas deben saber que en ellas existe un riesgo, que no es otro que nuestras apuestas no resulten ganadoras. Eso es parte del juego, parte de una opci\u00f3n de entretenimiento como otra cualquiera en la que a veces se corre con mejor suerte que otras. El hecho de querer ganar y conseguir beneficios siempre no puede convertirse en una obsesi\u00f3n.<\/p>\n<p>Cuando decidas apostar\u00a0<strong>hazlo siempre con responsabilidad y siendo completamente consciente de lo que haces<\/strong>\u00a0y a lo que te expones. El juego responsable es aquel en el que el usuario apuesta con la intenci\u00f3n de darle una mayor emoci\u00f3n a sus eventos deportivos favoritos. En el momento en el que puede convertirse en algo perjudicial para la salud, la mente y nuestra econom\u00eda es preferible huir de ello.<\/p>\n<p>Podemos asegurarte a ciencia cierta que en nuestro portal web vas a encontrar una selecci\u00f3n de las casas de apuestas con los mejores mercados y cuotas disponibles que cumplan tus necesidades. Con ellas no solo disfrutar\u00e1s, sino que podr\u00e1s llegar a conseguir un dinero extra.<\/p>\n<p>Sin embargo, ese dinero extra no puede convertirse en una obligaci\u00f3n. En el momento en el que nos autoexigimos unos l\u00edmites que van a ser dif\u00edciles de cumplir con nuestras apuestas deportivas, empiezan a ser un problema. Esto puede generar una obsesi\u00f3n y una ansiedad en la persona que lleguen a convertirse en un gran inconveniente en nuestra vida.<\/p>\n<p>Nosotros te recomendamos que\u00a0<strong>las apuestas deportivas formen parte de tu estilo de vida, pero que tambi\u00e9n seas capaz de realizar otro tipo de actividades de ocio<\/strong>\u00a0en las que tambi\u00e9n puedas divertirte. Hay tiempo para todo. Saber medirse y saber parar cuando es preciso tambi\u00e9n es una victoria.<\/p>\n<p>Los operadores tambi\u00e9n tienen su parte de responsabilidad en ello y una serie de obligaciones que tienen que cumplir. Por eso, en <a href=\"https:\/\/casasdeapuestas.bet\/co\/\">https:\/\/casasdeapuestas.bet\/co\/<\/a>\u00a0tenemos todas las marcas que est\u00e1n comprometidas con el juego responsable.<\/p>\n<p>Todas ellas tienen sus propios mecanismos para tratar de fomentar esta forma de apostar. Algunos son m\u00e1s notorios y otros m\u00e1s silenciosos, pero est\u00e1n presentes siempre con el objetivo de ayudar al jugador. Incluso las propias casas tienen su apartado correspondiente de juego seguro donde explican todas las herramientas que tienen a su servicio en este sentido.<\/p>\n<p>Es m\u00e1s, desde la promulgaci\u00f3n de la ley del juego en Colombia en el a\u00f1o 2016, <strong>las casas est\u00e1n obligadas a adoptar medidas en pro de evitar la ludopat\u00eda y tambi\u00e9n a establecer criterios de prohibici\u00f3n para apostar en l\u00ednea<\/strong> a aquellas personas que sean sospechosas de tener dificultades a la hora de controlar sus h\u00e1bitos de juego, sean empleados de un casino en l\u00ednea o menores de edad. De esta manera, pueden restringir el uso de ofertas y promociones o suspender una cuenta de juego.<\/p>\n<p>Entre los principales mecanismos vamos a destacar:<\/p>\n<p><strong>L\u00edmites de dep\u00f3sitos<\/strong><\/p>\n<p>Las casas de apuestas permiten a los jugadores establecer unos l\u00edmites m\u00e1ximos a la hora de realizar sus ingresos de dinero, para que as\u00ed no depositen m\u00e1s de lo que ten\u00edan pensado.<\/p>\n<p>Ya de por s\u00ed las casas tienen sus l\u00edmites propios seg\u00fan el m\u00e9todo de pago que utilices para la transacci\u00f3n, pero adem\u00e1s a\u00f1aden l\u00edmites diarios, semanales y hasta mensuales para cada cuenta que cualquier jugador puede modificar.<\/p>\n<p><strong>Alertas de actividad<\/strong><\/p>\n<p>Otra de las grandes ayudas de los operadores es la de ofrecer las llamadas alertas de actividad, que no dejan de ser notificaciones que aparecen en la pantalla de juego cuando el usuario lleva un determinado periodo de tiempo continuo jugando.<\/p>\n<p>Al igual que los l\u00edmites de dep\u00f3sito, tambi\u00e9n se pueden modificar. Son como una alarma que te permite controlar el tiempo de juego y gestionarlo.<\/p>\n<p><strong>Test de autoevaluaciones<\/strong><\/p>\n<p>Esta herramienta quiz\u00e1 es menos utilizada por los usuarios, pero resulta m\u00e1s eficaz de lo que a priori podemos pensar. El test de autoevaluaci\u00f3n trata de contestar una serie de preguntas a trav\u00e9s de las cuales el operador pueda comprobar si tienes problemas de autocontrol con las apuestas deportivas.<\/p>\n<p>Es evidente que esta herramienta depende de la sinceridad del usuario a la hora de autoevaluarse y reconocer sus problemas si es que los tiene.<\/p>\n<p><strong>Periodos de descanso<\/strong><\/p>\n<p>Esta es una de las novedades en varias casas de apuestas, la de permitir al jugador tomarse un descanso con respecto a las apuestas y el juego. Periodos de descanso que pueden extenderse hasta una semana o tres d\u00edas, seg\u00fan las preferencias del usuario.<\/p>\n<p>La web bloquea el que puedas apostar con tu cuenta y hasta que no termine el tiempo de descanso establecido no podr\u00e1s volver a tu actividad normal. Lo que s\u00ed que podr\u00e1s es iniciar sesi\u00f3n y realizar retiradas, por ejemplo.<\/p>\n<p><strong>Servicios de autoexclusi\u00f3n<\/strong><\/p>\n<p>Los servicios de autoexclusi\u00f3n son parecidos a los periodos de descanso, solo que no se aplican de forma autom\u00e1tica. Para llevar a cabo una autoexclusi\u00f3n, el servicio de atenci\u00f3n al cliente contactar\u00e1 contigo primero para observar tu problema. En cualquier caso, la casa estar\u00e1 atenta a tus movimientos para que no tengas que recurrir a ello y abordar el problema antes.<\/p>\n<p><strong>Protecci\u00f3n de menores<\/strong><\/p>\n<p>Mediante la verificaci\u00f3n de los datos y de otros mecanismos es como las casas de apuestas de Colombia consiguen evitar que personas menores de 18 a\u00f1os puedan tener acceso a las apuestas deportivas en l\u00ednea.<\/p>\n<p>Muchas de ellas llegan a incluir la opci\u00f3n del control parental. Si un usuario cree que puede exponer a menores mientras est\u00e1 realizando la actividad de apostar, puede restringirles el acceso de forma personalizada.<\/p>\n<p>Para cualquier duda puedes contactar con nosotros y te aclararemos las cuestiones que te surjan sobre este u otro tema, ya que nuestra intenci\u00f3n es siempre la de ayudar.<\/p>\n<p><strong>Medidas de detecci\u00f3n<\/strong><\/p>\n<p>La \u00faltima herramienta que va en pro de la prevenci\u00f3n, es la de formar a los empleados y profesionales del sector de casas de apuestas a detectar cuando un usuario tiene un problema o est\u00e1 llevando a cabo pr\u00e1cticas contrarias al juego responsable.<\/p>\n<p>Los operadores est\u00e1n invirtiendo recursos en ello, pues tambi\u00e9n es algo fundamental para su supervivencia y en su grado de implicaci\u00f3n con los valores de la sociedad.<\/p>\n<p><strong>Sitios de inter\u00e9s<\/strong><\/p>\n<ul>\n<li>Juega Bien<\/li>\n<li>Gamblers Anonymous<\/li>\n<li>Gambling Therapy<\/li>\n<\/ul>\n","protected":false},"excerpt":{"rendered":"<p>Todos los jugadores que toman la decisi\u00f3n de jugar en apuestas deportivas deben saber que en ellas existe un riesgo, que no es otro que nuestras apuestas no resulten ganadoras. Eso es parte del juego, parte de una opci\u00f3n de entretenimiento como otra cualquiera en la que a veces se corre con mejor suerte que [&hellip;]<\/p>\n","protected":false},"author":7,"featured_media":0,"parent":0,"menu_order":0,"comment_status":"closed","ping_status":"closed","template":"","meta":{"_acf_changed":false,"footnotes":""},"class_list":["post-10354","page","type-page","status-publish","hentry"],"acf":[],"_links":{"self":[{"href":"https:\/\/casasdeapuestas.bet\/co\/wp-json\/wp\/v2\/pages\/10354","targetHints":{"allow":["GET"]}}],"collection":[{"href":"https:\/\/casasdeapuestas.bet\/co\/wp-json\/wp\/v2\/pages"}],"about":[{"href":"https:\/\/casasdeapuestas.bet\/co\/wp-json\/wp\/v2\/types\/page"}],"author":[{"embeddable":true,"href":"https:\/\/casasdeapuestas.bet\/co\/wp-json\/wp\/v2\/users\/7"}],"replies":[{"embeddable":true,"href":"https:\/\/casasdeapuestas.bet\/co\/wp-json\/wp\/v2\/comments?post=10354"}],"version-history":[{"count":5,"href":"https:\/\/casasdeapuestas.bet\/co\/wp-json\/wp\/v2\/pages\/10354\/revisions"}],"predecessor-version":[{"id":10785,"href":"https:\/\/casasdeapuestas.bet\/co\/wp-json\/wp\/v2\/pages\/10354\/revisions\/10785"}],"wp:attachment":[{"href":"https:\/\/casasdeapuestas.bet\/co\/wp-json\/wp\/v2\/media?parent=10354"}],"curies":[{"name":"wp","href":"https:\/\/api.w.org\/{rel}","templated":true}]}}