{"id":2172,"date":"2021-03-19T17:59:21","date_gmt":"2021-03-19T17:59:21","guid":{"rendered":"https:\/\/casasdeapuestas.bet\/ar\/?page_id=2172"},"modified":"2024-12-11T13:51:35","modified_gmt":"2024-12-11T17:51:35","slug":"casinos-online","status":"publish","type":"page","link":"https:\/\/casasdeapuestas.bet\/bo\/casinos-online\/","title":{"rendered":"Mejores casinos online en Bolivia"},"content":{"rendered":"<p>La gran mayor\u00eda de las casas de apuestas de Bolivia tienen en sus p\u00e1ginas de Internet una secci\u00f3n de casino online. Esto debido a que pertenecen a alguna cadena de <strong>casinos fijos y online<\/strong>, por lo cual es usual las encuentres bajo el nombre de la misma compa\u00f1\u00eda.<\/p>\n<p>Es sencillo seleccionar un casino online seg\u00fan las necesidades que tiene cada jugador. Lo \u00fanicos que se debe hacer es un an\u00e1lisis similar a los que se efect\u00faan respecto a las <a href=\"\/bo\/\">casas de apuestas<\/a>. Todos cuentan con sus propias caracter\u00edsticas y requisitos para que se asegure una experiencia inolvidable.<\/p>\n<p>No hay mucha diferencia entre los casinos y las casas de apuestas deportivas, porque en la secci\u00f3n de <strong>casinos online de Bolivia<\/strong> tambi\u00e9n se tienen bonos interesantes e importantes, y lo mismo aplica para las promociones.<\/p>\n<p>Hay casinos online que tienen bonos y promociones para usarse exclusivamente en sus p\u00e1ginas, pero hay otros que te dejan usarlos indiscriminadamente, es decir, los puedes ocupar en las casas de apuestas deportivas.<\/p>\n<p>Los bonos de casino (tanto los bonos sin dep\u00f3sito como los de primer dep\u00f3sito) son de las principales cosas a evaluar cuando se selecciona un casino online. En esto es de <strong>suma relevancia<\/strong> tanto la cantidad como la cualidad.<\/p>\n<p>Tambi\u00e9n se tiene que destacar los m\u00e9todos de seguridad existentes en los sitios web para garantizar que las experiencias sean completamente satisfactorias en relaci\u00f3n con la secrec\u00eda de los datos bancarios y personales.<\/p>\n<p>Para proteger tu informaci\u00f3n es de suma importancia que revises que el casino online de tu elecci\u00f3n tenga licencia de operaci\u00f3n, la cual garantice que sus actividades son completamente transparentes. Esto <strong>te dar\u00e1 tranquilidad <\/strong>para que te concentres s\u00f3lo en disfrutar el juego.<\/p>\n<p>Estas licencias tienen que ser expedidas por alguna de las principales naciones con leyes sobre los juegos de azar: Curazao, Malta, Gibraltar, Reino Unido, Irlanda o alguno otro pa\u00eds que les permita laborar en otros territorios del planeta.<\/p>\n<p>En Bolivia el organismo regulador del juego es la Autoridad de Fiscalizaci\u00f3n del Juego (AJ). <strong>Las modalidades legales<\/strong> de las apuestas bolivianas se contemplan dentro de la Ley 060. Cabe se\u00f1alar que La Autoridad de Fiscalizaci\u00f3n del Juego es la que regula, controla y fiscaliza las actividades en este pa\u00eds.<\/p>\n<p>Entre las similitudes de los casinos en Bolivia y las casas de apuestas deportivas de igual forma se encuentran los m\u00e9todos de dep\u00f3sito y de retiros, mismos que son fundamentales para solicitar ganancias e ingresar dinero.<\/p>\n<p>En estos sitios web es usual encontrar tarjetas de d\u00e9bito, cr\u00e9dito y <a href=\"\/bo\/depositos\/transferencia-bancaria\/\">transferencias bancarias<\/a>, los cuales son <strong>los m\u00e9todos de dep\u00f3sito<\/strong> m\u00e1s populares en todo el mundo. No obstante, tambi\u00e9n hay opciones para quienes no quieren o no pueden acceder a una cuenta bancaria. Para esta gente hay m\u00e9todos de pago como las carteras electr\u00f3nicas, la recarga de efectivo o las <a href=\"\/bo\/depositos\/bitcoin\/\">criptomonedas<\/a>.<\/p>\n<p>Asimismo, se debe tomar en cuenta lo relacionado con la atenci\u00f3n al cliente, porque es relevante conocer cu\u00e1les son las formas de comunicaci\u00f3n con las que cuenta tu casino online en Bolivia. Mientras m\u00e1s formas de comunicaci\u00f3n existan en la plataforma elegida, m\u00e1s f\u00e1cil es resolver cualquier duda o problema que surja a la hora de apostar.<\/p>\n<p>En tiempos anteriores lo usual era ocupar las direcciones postales o el tel\u00e9fono, sin embargo, esto cambi\u00f3 con <strong>los avances tecnol\u00f3gicos<\/strong>: ya hay contacto a trav\u00e9s del correo electr\u00f3nico, los formularios y el chat en vivo.<\/p>\n<p>Pero no s\u00f3lo lo ya mencionado funciona para la atenci\u00f3n a clientes en los casinos online, pues en Bolivia algunos ocupan las redes sociales m\u00e1s famosas para la interacci\u00f3n y resoluci\u00f3n de dudas, por ejemplo, Telegram y WhatsApp.<\/p>\n<p>La \u00fanica gran diferencia que hay entre los casinos en l\u00ednea y las casas de apuestas deportivas es la cantidad y <strong>calidad de juegos<\/strong> que ofrezcan en su cat\u00e1logo; por supuesto, el atractivo m\u00e1s relevante son los juegos como el p\u00f3ker, blackjack, ruleta o m\u00e1quinas tragamonedas.<\/p>\n<p>Aqu\u00ed te mostraremos todo lo que necesitas saber sobre los juegos de azar en Bolivia, en especial en relaci\u00f3n con los mejores casinos online.<\/p>\n<div id=\"ez-toc-container\" class=\"ez-toc-v2_0_82_2 counter-hierarchy ez-toc-counter ez-toc-grey ez-toc-container-direction\">\n<div class=\"ez-toc-title-container\">\n<p class=\"ez-toc-title\" style=\"cursor:inherit\">Tabla de contenidos<\/p>\n<span class=\"ez-toc-title-toggle\"><a href=\"#\" class=\"ez-toc-pull-right ez-toc-btn ez-toc-btn-xs ez-toc-btn-default ez-toc-toggle\" aria-label=\"Alternar tabla de contenidos\"><span class=\"ez-toc-js-icon-con\"><span class=\"\"><span class=\"eztoc-hide\" style=\"display:none;\">Toggle<\/span><span class=\"ez-toc-icon-toggle-span\"><svg style=\"fill: #999;color:#999\" xmlns=\"http:\/\/www.w3.org\/2000\/svg\" class=\"list-377408\" width=\"20px\" height=\"20px\" viewBox=\"0 0 24 24\" fill=\"none\"><path d=\"M6 6H4v2h2V6zm14 0H8v2h12V6zM4 11h2v2H4v-2zm16 0H8v2h12v-2zM4 16h2v2H4v-2zm16 0H8v2h12v-2z\" fill=\"currentColor\"><\/path><\/svg><svg style=\"fill: #999;color:#999\" class=\"arrow-unsorted-368013\" xmlns=\"http:\/\/www.w3.org\/2000\/svg\" width=\"10px\" height=\"10px\" viewBox=\"0 0 24 24\" version=\"1.2\" baseProfile=\"tiny\"><path d=\"M18.2 9.3l-6.2-6.3-6.2 6.3c-.2.2-.3.4-.3.7s.1.5.3.7c.2.2.4.3.7.3h11c.3 0 .5-.1.7-.3.2-.2.3-.5.3-.7s-.1-.5-.3-.7zM5.8 14.7l6.2 6.3 6.2-6.3c.2-.2.3-.5.3-.7s-.1-.5-.3-.7c-.2-.2-.4-.3-.7-.3h-11c-.3 0-.5.1-.7.3-.2.2-.3.5-.3.7s.1.5.3.7z\"\/><\/svg><\/span><\/span><\/span><\/a><\/span><\/div>\n<nav><ul class='ez-toc-list ez-toc-list-level-1 eztoc-toggle-hide-by-default' ><li class='ez-toc-page-1 ez-toc-heading-level-3'><a class=\"ez-toc-link ez-toc-heading-1\" href=\"https:\/\/casasdeapuestas.bet\/bo\/casinos-online\/#Principales-cualidades-a-valorar-de-un-casino-en-linea\" >Principales cualidades a valorar de un casino en l\u00ednea<\/a><ul class='ez-toc-list-level-4' ><li class='ez-toc-heading-level-4'><a class=\"ez-toc-link ez-toc-heading-2\" href=\"https:\/\/casasdeapuestas.bet\/bo\/casinos-online\/#Bonos-de-bienvenida\" >Bonos de bienvenida<\/a><\/li><li class='ez-toc-page-1 ez-toc-heading-level-4'><a class=\"ez-toc-link ez-toc-heading-3\" href=\"https:\/\/casasdeapuestas.bet\/bo\/casinos-online\/#Juegos\" >Juegos<\/a><\/li><li class='ez-toc-page-1 ez-toc-heading-level-4'><a class=\"ez-toc-link ez-toc-heading-4\" href=\"https:\/\/casasdeapuestas.bet\/bo\/casinos-online\/#Metodos-de-pago\" >M\u00e9todos de pago<\/a><\/li><li class='ez-toc-page-1 ez-toc-heading-level-4'><a class=\"ez-toc-link ez-toc-heading-5\" href=\"https:\/\/casasdeapuestas.bet\/bo\/casinos-online\/#Seguridad\" >Seguridad<\/a><\/li><li class='ez-toc-page-1 ez-toc-heading-level-4'><a class=\"ez-toc-link ez-toc-heading-6\" href=\"https:\/\/casasdeapuestas.bet\/bo\/casinos-online\/#Movil\" >M\u00f3vil<\/a><\/li><\/ul><\/li><\/ul><\/nav><\/div>\n<h3><span class=\"ez-toc-section\" id=\"Principales-cualidades-a-valorar-de-un-casino-en-linea\"><\/span><strong>Principales cualidades a valorar de un casino en l\u00ednea<\/strong><span class=\"ez-toc-section-end\"><\/span><\/h3>\n<h4><span class=\"ez-toc-section\" id=\"Bonos-de-bienvenida\"><\/span><strong>Bonos de bienvenida<\/strong><span class=\"ez-toc-section-end\"><\/span><\/h4>\n<p>Los <a href=\"\/bo\/bonos\/\">bonos de bienvenida<\/a> (tambi\u00e9n llamados bonus) son las promociones que los casinos en online ofrecen para atraer a <strong>nuevos jugadores<\/strong>. Casi en todos los casinos funcionan de la misma manera que en las casas de apuestas deportivas: la plataforma entrega al usuario una cantidad de dinero extra luego de su primer dep\u00f3sito; en ocasiones lo dan por el simple hecho de registrarse en la p\u00e1gina.<\/p>\n<p>Ambas opciones son estrategias excelentes para atraer nuevos jugadores, sin importar si son nuevos o ya experimentados. No cabe duda de que los bonos de bienvenida son factores importantes a la hora de elegir un casino en l\u00ednea de Bolivia.<\/p>\n<p>Es de suma relevancia no dejarse llevar por el dinero que ofrecen en los bonos de bienvenida, pues tambi\u00e9n es fundamental considerar aspectos <strong>como el rollover<\/strong> que se debe cumplir para liberar el bono y sus ganancias.<\/p>\n<p><strong>Bonos sin dep\u00f3sito<\/strong><\/p>\n<p>Este es el bono m\u00e1s atractivo de los casinos en l\u00ednea, porque no necesitas realizar ning\u00fan dep\u00f3sito de dinero, s\u00f3lo debes registrarte en cualquiera de los casinos online bolivianos que ofrecen este beneficio y en autom\u00e1tico tendr\u00e1s unidades econ\u00f3micas para <strong>empezar a jugar<\/strong>.<\/p>\n<p>El bonus de bienvenida es una estrategia agresiva para todos los jugadores que se registran por primera vez en una p\u00e1gina de juegos de azar. El fin es que se quede a apostar lo m\u00e1s posible en su plataforma.<\/p>\n<p>Sin embargo, para poder convertir la <strong>bonificaci\u00f3n en dinero<\/strong> real es necesario cumplir con unos t\u00e9rminos y condiciones impuestos por la empresa. Para sacar dinero real de tu cuenta tienes que apostar la cantidad del bono en cierto n\u00famero de ocasiones (esto es lo que se conoce como rollover).<\/p>\n<p><strong>Bonos por primer dep\u00f3sito<\/strong><\/p>\n<p>Estos son los bonos de bienvenida m\u00e1s habituales. Consisten en realizar un primer dep\u00f3sito con un importe m\u00ednimo tras tu registro, luego un porcentaje de este se entrega en forma de regalo.<\/p>\n<p>Luego de que un jugador se registra en un casino en l\u00ednea, hace su primer dep\u00f3sito en d\u00f3lares o en pesos bolivianos. Tambi\u00e9n hay importes m\u00ednimos impuestos por los casinos online. Despu\u00e9s <strong>s\u00f3lo aceptas el bonus<\/strong>.<\/p>\n<p>Como sucede en otros bonos de bienvenida se debe hacer una serie de t\u00e9rminos y condiciones para convertir el bono en dinero real. Lo m\u00e1s com\u00fan es cumplir con un rollover para liberar las ganancias. Una buena caracter\u00edstica de los mejores casinos online en Bolivia.<\/p>\n<p><strong>Bono de giros gratis<\/strong><\/p>\n<p>Es un bono distinto en algunos aspectos, porque no consiste como tal en una cifra de dinero, aunque s\u00ed es posible obtener ganancias con ellos. Suele dar ventaja a los nuevos apostadores. El n\u00famero de giros recibidos se entregan seg\u00fan la cantidad depositada; opera en varios <strong>rangos de bonificaci\u00f3n<\/strong>.<\/p>\n<p>Lo m\u00e1s usual es que tengan un valor determinado y que s\u00f3lo se pueda jugar en algunas m\u00e1quinas tragamonedas. El casino en l\u00ednea es quien determina cu\u00e1les son los t\u00edtulos en los que puede jugar, adem\u00e1s determina los m\u00e1ximos de ganancias que se pueden obtener a trav\u00e9s de esta bonificaci\u00f3n.<\/p>\n<p><strong>Bono de m\u00faltiples dep\u00f3sitos<\/strong><\/p>\n<p>Trabaja de una forma muy similar al tradicional bono de primer dep\u00f3sito. La diferencia radica en el hecho de que suelen ser promociones que abarcan m\u00e1s all\u00e1 de un solo ingreso, es decir, funcionan con los primeros cuatro dep\u00f3sitos o m\u00e1s, seg\u00fan la casa de apuestas o el casino.<\/p>\n<p>Los dep\u00f3sitos y bonus pueden tener un porcentaje de valor diferente, o pueden ser todos iguales, eso <strong>depende exclusivamente del casino<\/strong> que otorgue la oferta. Cabe se\u00f1alar que cada uno de los bonos tiene sus propios t\u00e9rminos, condiciones o rollovers, por ello hay que desbloquear cada uno de para alcanzar ganancias y liberarlos.<\/p>\n<h4><span class=\"ez-toc-section\" id=\"Juegos\"><\/span><strong>Juegos<\/strong><span class=\"ez-toc-section-end\"><\/span><\/h4>\n<p>Se debe revisar la cantidad y calidad de juegos que existen en un casino online en Bolivia. Sin embargo, hay jugadores que est\u00e1n sumamente casados con alg\u00fan t\u00edtulo o estilo de juego.<\/p>\n<p>Los juegos m\u00e1s comunes son las m\u00e1quinas tragamonedas, juegos de cartas (p\u00f3ker o blackjack), ruletas, bingos, juegos en vivo y mucho m\u00e1s. Los mejores casinos online ofrecen cat\u00e1logos inmensos.<\/p>\n<p><strong>M\u00e1quinas Tragamonedas<\/strong><\/p>\n<p>Este tradicional juego de azar, conocido como slots, ha sido llevado al mundo online gracias a diversos operadores y desarrolladores de software. Hay toda clase de m\u00e1quinas con diversos personajes y tem\u00e1ticas, por ejemplo de <strong>pel\u00edculas o series<\/strong> famosas.<\/p>\n<p>Los slots consisten en presionar un bot\u00f3n para que los carretes (el n\u00famero de estos depender\u00e1 de la m\u00e1quina) giren y con ellos se generen distintas combinaciones que te hagan ganador. Adem\u00e1s, algunas m\u00e1quinas tragamonedas dan giros gratis o cualquier otra bonificaci\u00f3n que est\u00e9 pactada en el juego.<\/p>\n<p><strong>P\u00f3ker<\/strong><\/p>\n<p>Este es uno de los juegos de casino online m\u00e1s populares del planeta. Es practicado por multitudes e incluso tiene muchos torneos y competencias profesionales, semiprofesionales y de aficionados.<\/p>\n<p>Respecto a los establecimientos f\u00edsicos, no existen casinos que no cuenten con mesas para su pr\u00e1ctica, aunque en los <strong>casinos online de Bolivia<\/strong> no todos cuentan con ellas (pero s\u00ed con otras mesas de juego como la de baccarat).<\/p>\n<p>Los or\u00edgenes del p\u00f3ker son inciertos, no obstante, la teor\u00eda que m\u00e1s se ha aceptado es que es una mezcla de varios juegos que comenz\u00f3 a popularizarse hasta la d\u00e9cada de 1970 con las Series Mundiales de P\u00f3ker.<\/p>\n<p>El objetivo del P\u00f3ker es que, a trav\u00e9s de la <strong>combinaci\u00f3n de las cartas<\/strong>, lograr una mano mejor que la de los rivales o el crupier durante la ronda. Las variantes del juego son pr\u00e1cticamente infinitas, pues existe un abanico de opciones seg\u00fan el estilo de jugador que seas.<\/p>\n<p><strong>Ruleta<\/strong><\/p>\n<p>Es uno de los juegos m\u00e1s cl\u00e1sicos y representativos de los casinos. El fin es muy sencillo; se debe acertar en el n\u00famero donde la bolita se detenga. No hay mayor ciencia. Para la funcionalidad se lanza la bola a rodar por <strong>una ranura de la ruleta<\/strong>, y cuando esta comienza a detenerse cae en la zona con celdillas con n\u00fameros.<\/p>\n<p>En el \u00e1mbito online es exactamente lo mismo. Sin embargo, tambi\u00e9n puedes jugar en la secci\u00f3n de casino en vivo para poder observar el movimiento natural de la ruleta y la pelotita. Es relevante que el casino online de tu elecci\u00f3n cuente con una variedad de juegos de ruleta.<\/p>\n<p><strong>Blackjack<\/strong><\/p>\n<p>Es otra de las actividades m\u00e1s populares en los casinos f\u00edsicos y online, debido a que es un juego de cartas sumamente sencillo y de buen entretenimiento. El objetivo es sumar 21 con el valor de las cartas (sin pasarse). Sus reglas han ido adaptando hasta la actualidad.<\/p>\n<p>Aqu\u00ed no te enfrentas a alguien en espec\u00edfico, sino directamente a la banca y debes tener la mejor mano posible. <strong>Si te pasas de 21<\/strong> o la banca tiene mejor mano, pierdes; si hay el mismo n\u00famero de puntos se empata.<\/p>\n<p>Las cartas del dos al 10 tienen el mismo valor; la J, Q y K valen 10 puntos; y el As tendr\u00e1 el valor de tu elecci\u00f3n, de 1 u 11. Aqu\u00ed tambi\u00e9n existe una variedad de juegos extensa.<\/p>\n<h4><span class=\"ez-toc-section\" id=\"Metodos-de-pago\"><\/span><strong>M\u00e9todos de pago<\/strong><span class=\"ez-toc-section-end\"><\/span><\/h4>\n<p>La atenci\u00f3n a clientes y las formas de comunicaci\u00f3n con soporte son de inmensa importancia para decidir por un casino. Esto porque nunca sabes cu\u00e1ndo puede surgir alguna situaci\u00f3n inconveniente. Los dos puntos que m\u00e1s importantes para este particular punto son la cantidad de formas para comunicarse con la empresa y la calidad de la atenci\u00f3n al cliente.<\/p>\n<p>Una de las cosas m\u00e1s recomendables es elegir la atenci\u00f3n que pueda realizarse las 24 horas del d\u00eda, para que no tengas l\u00edmites de tiempo al momento de jugar. Lo m\u00e1s usual para contacto es una l\u00ednea telef\u00f3nica, un formulario o un correo electr\u00f3nico; no obstante, algunos casinos han comenzado a optar por chats en vivo o atenci\u00f3n a trav\u00e9s de redes sociales (<strong>por ejemplo, WhatsApp<\/strong>), as\u00ed como\u00a0 el desarrollo de una secci\u00f3n de preguntas y respuestas.<\/p>\n<p>Todo lo anterior hace que una casa de apuestas o un casino tenga una buena o mejorable atenci\u00f3n a clientes. Debes revisarlo a detalle para que tengas la mejor informaci\u00f3n a la mano y tomes la mejor decisi\u00f3n.<\/p>\n<h4><span class=\"ez-toc-section\" id=\"Seguridad\"><\/span><strong>Seguridad<\/strong><span class=\"ez-toc-section-end\"><\/span><\/h4>\n<p>El reglamento regulador en Bolivia sobre juego online ha ayudado a que el sector creciera de la mejor forma, aunque s\u00ed necesita una remodelaci\u00f3n m\u00e1s adaptada a como se est\u00e1 en otros territorios <strong>europeos o latinoamericanos<\/strong>, en los cuales ya se toma en cuenta todo el negocio en l\u00ednea.<\/p>\n<p>La Autoridad de Fiscalizaci\u00f3n del Juego ha trabajado esto para hacerse con el control del mercado y no permitir que cualquier operador pueda ingresar a la ligera y obtener las licencias necesarias. Cabe se\u00f1alar que no solo hay casinos nacionales, sino tambi\u00e9n extranjeros.<\/p>\n<p>Se debe tener en cuenta que hay muchos pa\u00edses con autoridades para regular el juego de azar, por lo que se debe buscar una licencia de Curazao, Malta, Gibraltar, Reino Unido (<strong>Gambling Comission<\/strong>), Irlanda, o alguna otra que le permita operar en muchas naciones.<\/p>\n<p>Estas licencias son las que les brindan tranquilidad a los jugadores sobre si sus datos personales y bancarios est\u00e1n completamente seguros. \u00danicamente con esto muchos tienen la confianza de comenzar a jugar sin conflicto alguno.<\/p>\n<p>Si apenas te inmiscuyes en las apuestas, no temas <strong>acercarte a nosotros<\/strong> para conocer las mejores opciones de casinos online que hay en el mercado. Te orientaremos para que tu aventura por el mundo de los juegos de azar sea lo mejor posible, disfrutes, te diviertas y, con algo de suerte, generes ganancias en dinero real.<\/p>\n<h4><span class=\"ez-toc-section\" id=\"Movil\"><\/span><strong>M\u00f3vil<\/strong><span class=\"ez-toc-section-end\"><\/span><\/h4>\n<p>Debes saber que los mejores casinos online se pueden disfrutar en cualquier dispositivo y con cualquier tipo de red: <strong>m\u00f3vil o Wi-Fi<\/strong>. Para ello, lo recomendable es el casino online para saber si cuenta con una app desarrollada para dispositivos iOS y\/o Android. En caso de que no, ver si su sitio web es completamente responsive y se adapta perfectamente a la pantalla de tu dispositivo celular o tableta.<\/p>\n<p>Es una gran ventaja que el casino online te permita jugar sin inconvenientes en tu computadora o tu dispositivo m\u00f3vil, pues te dar\u00e1 <strong>muchas ventajas<\/strong>, como el hecho de que podr\u00e1s divertirte sin importar el lugar en el que te encuentres.<\/p>\n<p>Si puedes jugar mientras viajas o mientras est\u00e1s sentado esperando algo, resulta una gran ventaja tener buena accesibilidad al casino online, incluso a la hora de revisar tu saldo de juego o cualquier otra cosa relacionada con tu cuenta, pues s\u00f3lo hace falta que te conectes y disfrutes de tus juegos favoritos.<\/p>\n<div id=\"simple-translate\" class=\"simple-translate-dark-theme\">\n<div>\n<div class=\"simple-translate-button isShow\" style=\"height: 22px; width: 22px; top: 2px; left: -50px;\"><\/div>\n<div class=\"simple-translate-panel \" style=\"width: 300px; height: 200px; top: 0px; left: 0px; font-size: 13px;\">\n<div class=\"simple-translate-result-wrapper\" style=\"overflow: hidden;\">\n<div class=\"simple-translate-move\"><\/div>\n<div class=\"simple-translate-result-contents\">\n<p class=\"simple-translate-candidate\" dir=\"auto\">\n<\/div>\n<\/div>\n<\/div>\n<\/div>\n<\/div>\n","protected":false},"excerpt":{"rendered":"<p>La gran mayor\u00eda de las casas de apuestas de Bolivia tienen en sus p\u00e1ginas de Internet una secci\u00f3n de casino online. Esto debido a que pertenecen a alguna cadena de casinos fijos y online, por lo cual es usual las encuentres bajo el nombre de la misma compa\u00f1\u00eda. Es sencillo seleccionar un casino online seg\u00fan [&hellip;]<\/p>\n","protected":false},"author":7,"featured_media":0,"parent":0,"menu_order":0,"comment_status":"closed","ping_status":"closed","template":"template_casinos_online.php","meta":{"_acf_changed":false,"footnotes":""},"class_list":["post-2172","page","type-page","status-publish","hentry"],"acf":[],"_links":{"self":[{"href":"https:\/\/casasdeapuestas.bet\/bo\/wp-json\/wp\/v2\/pages\/2172","targetHints":{"allow":["GET"]}}],"collection":[{"href":"https:\/\/casasdeapuestas.bet\/bo\/wp-json\/wp\/v2\/pages"}],"about":[{"href":"https:\/\/casasdeapuestas.bet\/bo\/wp-json\/wp\/v2\/types\/page"}],"author":[{"embeddable":true,"href":"https:\/\/casasdeapuestas.bet\/bo\/wp-json\/wp\/v2\/users\/7"}],"replies":[{"embeddable":true,"href":"https:\/\/casasdeapuestas.bet\/bo\/wp-json\/wp\/v2\/comments?post=2172"}],"version-history":[{"count":27,"href":"https:\/\/casasdeapuestas.bet\/bo\/wp-json\/wp\/v2\/pages\/2172\/revisions"}],"predecessor-version":[{"id":11296,"href":"https:\/\/casasdeapuestas.bet\/bo\/wp-json\/wp\/v2\/pages\/2172\/revisions\/11296"}],"wp:attachment":[{"href":"https:\/\/casasdeapuestas.bet\/bo\/wp-json\/wp\/v2\/media?parent=2172"}],"curies":[{"name":"wp","href":"https:\/\/api.w.org\/{rel}","templated":true}]}}