{"id":2818,"date":"2022-02-15T16:48:46","date_gmt":"2022-02-15T19:48:46","guid":{"rendered":"https:\/\/casasdeapuestas.bet\/ar\/?page_id=2818"},"modified":"2026-03-24T08:22:16","modified_gmt":"2026-03-24T11:22:16","slug":"depositos","status":"publish","type":"page","link":"https:\/\/casasdeapuestas.bet\/ar\/depositos\/","title":{"rendered":"Dep\u00f3sitos"},"content":{"rendered":"<p>Una de las partes fundamentales de los casinos en l\u00ednea es la cantidad de m\u00e9todos de dep\u00f3sito que tengan, esto debido a que siempre ser\u00e1 una forma de acercarse y de facilitarle las cosas a todos y cada uno de sus clientes.<\/p>\n<p>En la actualidad la oferta ha crecido much\u00edsimo, ya no solamente es posible pagar en el banco a trav\u00e9s de sus tarjetas de d\u00e9bitos o cr\u00e9dito, sino que hoy tambi\u00e9n existen monederos y billeteras electr\u00f3nicas, criptomonedas, entre muchas otras alternativas.<\/p>\n<p>Aqu\u00ed te vamos a contar un poco acerca de cada una de las mejores formas para depositar y retirar dinero de las <a href=\"\/ar\/\">casas de apuestas de Argentina en 2026<\/a>.<\/p>\n","protected":false},"excerpt":{"rendered":"<p>Una de las partes fundamentales de los casinos en l\u00ednea es la cantidad de m\u00e9todos de dep\u00f3sito que tengan, esto debido a que siempre ser\u00e1 una forma de acercarse y de facilitarle las cosas a todos y cada uno de sus clientes. En la actualidad la oferta ha crecido much\u00edsimo, ya no solamente es posible [&hellip;]<\/p>\n","protected":false},"author":3,"featured_media":0,"parent":0,"menu_order":0,"comment_status":"closed","ping_status":"closed","template":"deposit-methods-style-1.php","meta":{"_acf_changed":false,"footnotes":""},"class_list":["post-2818","page","type-page","status-publish","hentry"],"acf":[],"_links":{"self":[{"href":"https:\/\/casasdeapuestas.bet\/ar\/wp-json\/wp\/v2\/pages\/2818","targetHints":{"allow":["GET"]}}],"collection":[{"href":"https:\/\/casasdeapuestas.bet\/ar\/wp-json\/wp\/v2\/pages"}],"about":[{"href":"https:\/\/casasdeapuestas.bet\/ar\/wp-json\/wp\/v2\/types\/page"}],"author":[{"embeddable":true,"href":"https:\/\/casasdeapuestas.bet\/ar\/wp-json\/wp\/v2\/users\/3"}],"replies":[{"embeddable":true,"href":"https:\/\/casasdeapuestas.bet\/ar\/wp-json\/wp\/v2\/comments?post=2818"}],"version-history":[{"count":8,"href":"https:\/\/casasdeapuestas.bet\/ar\/wp-json\/wp\/v2\/pages\/2818\/revisions"}],"predecessor-version":[{"id":13186,"href":"https:\/\/casasdeapuestas.bet\/ar\/wp-json\/wp\/v2\/pages\/2818\/revisions\/13186"}],"wp:attachment":[{"href":"https:\/\/casasdeapuestas.bet\/ar\/wp-json\/wp\/v2\/media?parent=2818"}],"curies":[{"name":"wp","href":"https:\/\/api.w.org\/{rel}","templated":true}]}}