{"id":2172,"date":"2021-03-19T17:59:21","date_gmt":"2021-03-19T17:59:21","guid":{"rendered":"https:\/\/casasdeapuestas.bet\/ar\/?page_id=2172"},"modified":"2024-12-11T14:51:35","modified_gmt":"2024-12-11T17:51:35","slug":"casinos-online","status":"publish","type":"page","link":"https:\/\/casasdeapuestas.bet\/ar\/casinos-online\/","title":{"rendered":"Mejores casinos online en Argentina"},"content":{"rendered":"<p>Puede llamar mucho la atenci\u00f3n que dentro de las <a href=\"\/ar\/\">principales casas de apuestas deportivas que existen en Argentina<\/a> encontrar\u00e1s que casi todas cuentan con una secci\u00f3n de casino, esto se debe a que la mayor\u00eda de las p\u00e1ginas pertenecen a alguna cadena de casinos f\u00edsicos y online, en general, es habitual que encuentres las distintas p\u00e1ginas bajo el nombre de la misma compa\u00f1\u00eda.<\/p>\n<p>Elegir un casino online acorde a las necesidades que tiene cada uno de los jugadores es relativamente sencillo. B\u00e1sicamente <strong>se debe hacer un an\u00e1lisis<\/strong> muy similar a los que se hacen respecto a las casas de apuestas, todos <strong>con una serie de caracter\u00edsticas<\/strong> y requisitos para que se pueda asegurar que existir\u00e1 una experiencia completamente satisfactoria.<\/p>\n<p>En general, el tema es bastante similar, <strong>no hay grandes diferencias a las de las casas de apuestas deportivas<\/strong>, en la secci\u00f3n de casinos online de Argentina tambi\u00e9n se suele tener una cantidad interesante e importante de bonos y promociones, muchos suelen ser exclusivos para la secci\u00f3n de juegos y en otros casos part\u00edculares se puede usar de forma indiscriminada entre las apuestas deportivas y los casinos.<\/p>\n<p>Obviamente y como de costumbre, los bonos de casino (puede ser bono sin dep\u00f3sito o de primer dep\u00f3sito) suele ser uno de los aspectos principales a evaluar para elegir un sitio web. Aqu\u00ed es importante la cantidad y la cualidad, dos esencias importantes para valorar cuando se quiere elegir la mejor de las opciones.<\/p>\n<p>Aunado a ello, existe un punto muy destacable que son <strong>los m\u00e9todos de seguridad<\/strong> que tienen los sitios web para garantizar que la experiencia ser\u00e1 completamente satisfactoria en cuanto a la protecci\u00f3n de datos personales y bancarios.<\/p>\n<p>Si bien es cierto que los Casinos Online de Argentina viven una situaci\u00f3n muy particular en cuanto a la regulaci\u00f3n, es importante que cada uno de ellos pueda contar con una licencia.<\/p>\n<p>Las licencias tienen que estar expedidas por alguna autoridad de los principales pa\u00edses con leyes acerca del juego: Curazao, Malta, Gibraltar, Reino Unido, Irlanda o alg\u00fan otro que les permita trabajar en diversos territorios del mundo.<\/p>\n<p>La intenci\u00f3n y en lo que ya se trabaja en Argentina es que <strong>pronto puedan tener todo completamente regulado<\/strong> y contar con un \u00f3rgano que se encargue de repartir las licencias, tal como lo hace la Secretar\u00eda de Gobernaci\u00f3n en M\u00e9xico a trav\u00e9s de su direcci\u00f3n de Juegos y Sorteos.<\/p>\n<p>Dentro de las similitudes que ya se han mencionado acerca de los casinos en Argentina y las casas de apuestas deportivas, tambi\u00e9n se encuentran los m\u00e9todos de pago.<\/p>\n<p>Como es de esperarse, en estos sitios web es muy posible encontrar tarjetas de d\u00e9bito, cr\u00e9dito y <a href=\"\/ar\/depositos\/transferencia-bancaria\/\">sitios de apuestas que aceptan dep\u00f3sitos con transferencias bancarias<\/a>, sin duda alguna, los m\u00e9todos de pago m\u00e1s populares en todo el mundo.<\/p>\n<p>Aunque tambi\u00e9n se debe destacar la importancia de tener m\u00e9todos de pago para todos los clientes que no quieren o no pueden tener acceso a una cuenta con una instituci\u00f3n bancaria. Ah\u00ed es donde surgen m\u00e9todos de pago que m\u00e1s adelante ahondaremos, por ejemplo: las carteras electr\u00f3nicas, tarjetas de prepago o criptomonedas.<\/p>\n<p>Por otro lado, <strong>el tema de la atenci\u00f3n a clientes<\/strong> podr\u00eda no ser relevante, pero la verdad es que siempre es fundamental conocer cu\u00e1les son las formas de comunicaci\u00f3n que tienens con tu casino online en Argentina.<\/p>\n<p>Mientras m\u00e1s formas de comunicaci\u00f3n existan en tu sitio web, m\u00e1s f\u00e1cil deber\u00eda ser solucionar cualquier duda o problema que pueda existir mientras vives la experiencia del juego.<\/p>\n<p>Lo m\u00e1s habitual sol\u00eda ser una direcci\u00f3n postal y tel\u00e9fono, pero eso ha comenzado a cambiar con la era tecnol\u00f3gica, tambi\u00e9n el correo electr\u00f3nico, los formularios y el chat en vivo han cobrado relevancia.<\/p>\n<p>Algunos casinos online en Argentina han ido m\u00e1s all\u00e1, <strong>las redes sociales se han convertido en poderosas aliadas de comunicaci\u00f3n<\/strong>: Telegram, Whatsapp y otras aplicaciones han funcionado para ampliar la experiencia en cuanto a la atenci\u00f3n al cliente se refiere.<\/p>\n<p>La \u00fanica gran diferencia que consideramos entre casinos en l\u00ednea y casas de apuestas deportivas es la cantidad y calidad de juegos que ofrezcan en su cat\u00e1logo, por supuesto, su principal atractivo son los juegos de casinos como el p\u00f3ker, blackjack, ruleta o m\u00e1quinas tragamonedas.<\/p>\n<p>Mientras en las casas de apuestas lo m\u00e1s importante es que haya una gran cantidad de deportes en los cuales apostar y un sinf\u00edn de ligas, partidos y combates en cada una de ellas, en el caso de los casinos lo m\u00e1s importante es que haya una cantidad de juegos muy variable para satisfacer todos los gustos, desde los juegos cl\u00e1sicos, los modernos, basados en pel\u00edculas o comics, entre muchas otras cosas.<\/p>\n<p>Aqu\u00ed ampliamos todo lo que necesitas saber del juego online en Argentina, especialmente en torno a los mejores casinos online, aqu\u00ed solamente encontrar\u00e1s casinos recomendados por nuestro equipo de trabajo.<\/p>\n<h2>Principales cualidades a valorar de un casino en l\u00ednea<\/h2>\n<h3>Bonos de bienvenida<\/h3>\n<p>Los <a href=\"\/ar\/bonos\/\">bonos de bienvenida<\/a> <strong>son las promociones que los casinos online ofrecen para atraer a nuevos jugadores<\/strong>, en la mayor\u00eda de los casinos funcionan de la misma forma que en las casas de apuestas, el sitio web entrega al usuario una cantidad de dinero extra a su primer dep\u00f3sito o incluso por el simple hecho de registrarse en la p\u00e1gina.<\/p>\n<p>En general, cualquiera de las dos opciones son una manera de atraer nuevos clientes, ya sea gente que reci\u00e9n vive su primera experiencia en el juego online en Argentina, o que simplemente busquen cambiar de casino online.<\/p>\n<p>Sin lugar a dudas este es uno de los factores que m\u00e1s pueden influir en un jugador a la hora de decantarse por un casino online, pero no siempre se deben dejar llevar por la cantidad de dinero que se ofrezca, tambi\u00e9n es bueno tomar consideraciones como el rollover que se debe cumplir para liberar el bono y sus ganancias.<\/p>\n<h4>Bonos sin dep\u00f3sito<\/h4>\n<p>Sin lugar a dudas, este es el bono m\u00e1s atractivo, porque como su nombre lo dice, no necesitas realizar ning\u00fan dep\u00f3sito en pesos argentinos, simplemente debes registrarte en cualquiera de los casinos online que ofrecen este beneficio y en autom\u00e1tico recibir\u00e1s una cuant\u00eda para comenzar a jugar.<\/p>\n<p>No hay mayor ciencia, es uan estrategia agresiva para todos aquellos que se registran por primera vez en una p\u00e1gina de casino y la intenci\u00f3n es que se quede jugando en ese sitio web.<\/p>\n<p>No todo es tan simple, para poder convertir la bonificaci\u00f3n en dinero real, es necesario cumplir con la serie de t\u00e9rminos y condiciones que tiene el bono, en resumen: para retirar dinero real de tu cuenta deber\u00e1s apostar la cantidad del bono en cierta cantidad de ocasiones, esto es algo que se conoce como rollover y son los mejores casinos los que deciden de cu\u00e1nto es este rollover.<\/p>\n<h4>Bonos por primer dep\u00f3sito<\/h4>\n<p>Los bonos m\u00e1s habituales son estos, porque consisten en que debes realizar un primer dep\u00f3sito con un importe m\u00ednimo tras tu registro para que se entregue un porcentaje en forma de regalo.<\/p>\n<p>Una vez que un jugador se registra en un casino, debe realizar su primer dep\u00f3sito, usualmente tambi\u00e9n existe un importe m\u00ednimo elegido por los casinos online, el resto simplemente es aceptar la bonificaci\u00f3n y posteriormente comenzar con la diversi\u00f3n en los mejores juegos de azar que existen en la web.<\/p>\n<p>Al igual que en otros tipos de bonos de bienvenida se debe seguir una serie de t\u00e9rminos y condiciones para convertir el bono en dinero real\/ganancias, lo m\u00e1s habitual es que se deba cumplir con un rollover para lograr liberar las ganancias.<\/p>\n<h4>Bono de giros gratis<\/h4>\n<p>Este tipo de bono es completamente distinto en algunos aspectos, pues no consiste como tal en una cantidad de dinero, pero s\u00ed es posible obtener ganancias con ellos.<\/p>\n<p>Este tipo de bonificaci\u00f3n de giros gratis suele dar ventaja a los nuevos jugadores. La cantidad de giros recibidos se entrega en funci\u00f3n de la cantidad depositada, operando en varios rangos de bonificaci\u00f3n.<\/p>\n<p>Lo m\u00e1s habitual es que tengan un valor determinado y que solamente se pueda jugar en ciertas m\u00e1quinas tragamonedas, el casino es el que determina cu\u00e1les son los t\u00edtulos en los que puede jugar y tambi\u00e9n suele tener determinados los m\u00e1ximos de ganancias que se pueden obtener a trav\u00e9s de este tipo de bonificaciones.<\/p>\n<h4>Bono de m\u00faltiples dep\u00f3sitos<\/h4>\n<p>Este bono funciona de una manera muy similar al tradicional bono de primer dep\u00f3sito, la diferencia est\u00e1 en que suelen ser promociones que abarcan m\u00e1s de un ingreso, lo m\u00e1s habitual es que funcionen en los primeros cuatro dep\u00f3sitos.<\/p>\n<p>Cada uno de los dep\u00f3sitos y bonos puede tener un procentaje de hasta cierta cuant\u00eda diferente, o pueden ser todos iguales, eso depende exclusivamente del casino que otorgue la oferta.<\/p>\n<p>Eso s\u00ed, cada uno de los bonos tiene sus propios t\u00e9rminos y condiciones y\/o rollover, as\u00ed que debes ir desbloqueando cada uno de ellos para alcanzar ganacias y liberar todos ellos.<\/p>\n<h3>Juegos<\/h3>\n<p>Es importante que se revise la cantidad y calidad de juegos que existen en un casino online, aunque hay clientes que est\u00e1n sumamente casados con alg\u00fan t\u00edtulo o un estilo de juego, no todos tienen la experiencia para decidir, as\u00ed que <strong>mientras m\u00e1s grande sea el cat\u00e1logo, m\u00e1s f\u00e1cilmente se puede conseguir un t\u00edtulo del inter\u00e9s<\/strong> de los nuevos usuarios.<\/p>\n<p>Lo m\u00e1s habitual es que existan m\u00e1quinas tragamonedas, juegos de cartas como p\u00f3ker o blackjack, ruletas, bingos, una secci\u00f3n de juegos en vivo y mucho m\u00e1s.<\/p>\n<h4>M\u00e1quinas Tragamonedas<\/h4>\n<p>El juego del que m\u00e1s variedad suele existir son las m\u00e1quinas tragamonedas. Obviamente, este tradicional juego ha sido llevado al mundo online gracias a diversos operadores y desarrolladores de software.<\/p>\n<p>Lo m\u00e1s habitual es que haya toda clase de m\u00e1quinas, con vidersos personajes y tem\u00e1ticas, incluso algunas pel\u00edculas o series han inspirado estos juegos.<\/p>\n<p>En resumen, las m\u00e1quinas tragamonedas consisten en presionar el bot\u00f3n correspondiente para que los carretes (el n\u00famero depende de la m\u00e1quina) giren y con ellos se generen distintas combinaciones que te hagan ganador.<\/p>\n<p>Adem\u00e1s puedes obtener giros gratis o cualquier otra bonificaci\u00f3n que est\u00e9 pactada en el juego.<\/p>\n<h4>P\u00f3ker<\/h4>\n<p>El p\u00f3ker es uno de los juegos m\u00e1s populares de todo el mundo, es practicado en multitd e incluso tiene un sinf\u00edn de torneos y competencias profesionales.<\/p>\n<p>En cuanto a los establecimientos f\u00edsicos, no hay un casino que no tenga mesas para su pr\u00e1ctica, aunque en los casinos online de Argentina, no todos cuentan con ellas, aunque s\u00ed con otras mesas de juego como la de baccarat.<\/p>\n<p>En general, los origenes del p\u00f3ker se podr\u00eda decir que son un poco inciertos, aunque la teor\u00eda que m\u00e1s se ha aceptado es que es una mezcla de varios juegos y que comenz\u00f3 a popularizarse hasta la d\u00e9cada de 1970 con las Series Mundiales de P\u00f3ker.<\/p>\n<p>El objetivo de este juego es que, a trav\u00e9s de la combinaci\u00f3n de las cartas, se debe lograr una mano mejor que la de los rivales o el crupier para poder ganar la ronda.\u00a0En el poker las variantes del juego son pr\u00e1cticamente infinitas, existiendo un abanico de opciones seg\u00fan el estilo de jugador que seas o lo que prefieras probar en ese momento.<\/p>\n<h4>Ruleta<\/h4>\n<p>La ruleta es uno de los juegos m\u00e1s cl\u00e1sicos y representativos de los casinos. El objetivo es muy sencillo en este juego, debes acertar que la bolita se detenga en el n\u00famero al que apostaste.<\/p>\n<p>No hay mayor ciencia. Para lograrlo se lanza la bola a rodar por una ranura de la ruleta, cuando esta comienza a ralentizarse, cae en la zona con celdillas con n\u00fameros.<\/p>\n<p>En el mundo online es exactamente lo mismo, la \u00fanica evidente diferencia es que la ruleta no estar\u00e1 presente de manera f\u00edsica, aunque tambi\u00e9n puedes jugar en la secci\u00f3n de casino en vivo para poder observar el movimiento natural de la ruleta y la pelotita.<\/p>\n<h4>Blackjack<\/h4>\n<p>El blackjack es uno de los juegos m\u00e1s populares de los casinos, tanto f\u00edsicos como online, esto se debe a que es un juego de cartas sumamente sencillo y de buen entretenimiento.<\/p>\n<p>Lo \u00fanico que se debe hacer es sumar 21 con el valor de las cartas sin pasarse. Sus reglas han durado hasta la actualidad y se ha ido adaptando, de tal suerte que sigue siendo sumamente entretenido y emocionante.<\/p>\n<p>Su \u00e9xito radica en que no te enfrentas a alguien en espec\u00edfico, sino directamente a la banca y debes tener la mejor mano posible.<\/p>\n<p>La banca gana cuando tiene una mejor mano que la tuya o te pases de 21; empatar\u00e1 contigo si tiene el mismo n\u00famero de puntos y perder\u00e1 si tu mano es superior o se pasa de 21.<\/p>\n<p>Las cartas del 2 al 10 tienen el mismo valor, la J, Q y K valen siempre 10 puntos y el as tendr\u00e1 valor de tu elecci\u00f3n de 1 u 11.<\/p>\n<h3>M\u00e9todos de pago<\/h3>\n<p>Sin duda alguna, los m\u00e9todos de pago son uno de los puntos m\u00e1s b\u00e1sicos que se deben destacar en los an\u00e1lisis de cu\u00e1l es el casino m\u00e1s conveniente.<\/p>\n<p>Si eres uno de los jugadores que tienen acceso a las tarjetas de cr\u00e9dito y\/o d\u00e9bito como Visa, Mastercard e incluso American Express, no tendr\u00e1s ning\u00fan problema, incluso con las aplicaciones de los bancos tambi\u00e9n podr\u00e1s realizar transferencias bancarias, una de las alternativas que m\u00e1s se han popularizado por el mundo en la actualidad.<\/p>\n<p>Podr\u00e1s realizar tus <a href=\"\/ar\/depositos\/mercado-pago\/\">dep\u00f3sitos en p\u00e1ginas de apuestas con Mercado Pago<\/a> tambi\u00e9n si lo deseas, e incluso est\u00e1 la opci\u00f3n de <a href=\"\/ar\/depositos\/debin\/\">realizar apuestas deportivas con DEBIN<\/a>, un m\u00e9todo 100% nacional. Por supuesto esto tambi\u00e9n se aplica para los casinos online.<\/p>\n<p>Este punto es importante sobre todo para aquellos que no est\u00e1n cerca de las instituciones bancarias, siempre es relevante que haya alternativas para que los nuevos jugadores no se decepcionen, especialmente porque hablamos de las posibilidades para mandar su dinero directo a su cuenta de casino y tambi\u00e9n debido a que querr\u00e1n retirar los fondos que hayan ganado en los juegos o juegos en vivo.<\/p>\n<p>Existen diversos m\u00e9todos de pago que se han ido popularizando para aquellos que no quieren estar cerca de los tr\u00e1mites bancarios, para ellos existen diversas billeteras electr\u00f3nicas, tarjetas de prepago, criptomonedas y un sinf\u00edn de maneras de pagar.<\/p>\n<p>En Argentina, una de las maneras m\u00e1s populares para <a href=\"\/ar\/depositos\/paysafecard\/\">depositar en casas de apuestas es Paysafecard<\/a>, un medio de prepago que funciona a trav\u00e9s de c\u00f3digos y que hace muy r\u00e1pidas\u00a0y sencillas las transacciones.<\/p>\n<p>Quiz\u00e1 distinto a otros pa\u00edses, aqu\u00ed ha costado un poco de trabajo que se comiencen a meter nuevas formas de pagar, pero no dudamos que en el futuro cercano se ampliara la baraja para Argentina.<\/p>\n<h3>Atenci\u00f3n a clientes<\/h3>\n<p>Muchas personas <strong>pasan por alto que la atenci\u00f3n a clientes<\/strong> y formas de comunicaci\u00f3n con soporte son sumamente importantes para decidir por un casino u otro. En general, es normal que se obvie este punto, en lo que uno menos piensa es en que va a tener problemas, sin embargo, es esencial, porque nunca sabes cuando puede surgir alguna situaci\u00f3n.<\/p>\n<p>Los dos puntos que consideramos m\u00e1s importantes para este particular punto, es la cantidad de las formas de comunicarse a soporte, tambi\u00e9n es igual de relevante la calidad de la atenci\u00f3n al cliente.<\/p>\n<p>Una de las cosas m\u00e1s recomendables que existen aqu\u00ed es <strong>que la atenci\u00f3n pueda realizarse a lo largo de las 24 horas del d\u00eda<\/strong>, uno nunca sabe el momento en el que se puede presentar alg\u00fan conflicto, tambipen hay gente que gusta de jugar a altas horas de la noche y tener en funcionamiento varias horas, es algo que puede facilitar a todos la comunicaci\u00f3n.<\/p>\n<p>Es verdad que lo m\u00e1s usual en la actualidad es contar con una l\u00ednea telef\u00f3nica y un correo electr\u00f3nico, tambi\u00e9n un formulario (que tambi\u00e9n es enviado v\u00eda correo electr\u00f3nico), aunque los casinos tambi\u00e9n han comenzado a optar por chats en vivo, atenci\u00f3n a trav\u00e9s de redes sociales, Whatsapp, adem\u00e1s de desarrollar de la mejor manera posible una secci\u00f3n de preguntas y respuestas.<\/p>\n<p>Todo en conjunto hacen que un lugar tenga una buena o mejorable atenci\u00f3n a clientes, aqu\u00ed lo juzgaremos a detalle.<\/p>\n<h3>Seguridad<\/h3>\n<p>En Argentina, <strong>el juego online todav\u00eda no est\u00e1 completamente regulado<\/strong>, por lo que no existen licencias de autoridades del pa\u00eds, sin embargo, s\u00ed es completamente legal y confiable jugar en los casinos internacionales, todos los casinos recomendados los encontrar\u00e1s aqu\u00ed.<\/p>\n<p>En el caso de pa\u00edses en los que todav\u00eda no hay una regulaci\u00f3n establecida como Per\u00fa, Chile o Argentina, se debe tener en cuenta que hay muchos pa\u00edses con autoridades para regular el juego, por lo que se debe buscar una licencia de Curazao, Malta, Gibraltar, Reino Unido (Gambling Comission), Irlanda, o alguna otra que le permita operar en diversos pa\u00edses.<\/p>\n<p>Son justamente estas licencias las que pueden brindar tranquilidad a los jugadores de que sus datos personales y bancarios estar\u00e1n completamente seguros, solo as\u00ed, muchos tienen la fiabilidad de comenzar a jugar sin conflicto alguno.<\/p>\n<p>Si eres un nuevo jugador, no temas acercarte a nosotros para conocer las mejores opciones de casinos online que hay en el mercado, te orientaremos para que tu aventura por el mundo de los juegos de azar sea lo mejor posible, disfrutes, te diviertas y con algo de suerte, puedas tener ganancias en dinero real.<\/p>\n","protected":false},"excerpt":{"rendered":"<p>Puede llamar mucho la atenci\u00f3n que dentro de las principales casas de apuestas deportivas que existen en Argentina encontrar\u00e1s que casi todas cuentan con una secci\u00f3n de casino, esto se debe a que la mayor\u00eda de las p\u00e1ginas pertenecen a alguna cadena de casinos f\u00edsicos y online, en general, es habitual que encuentres las distintas [&hellip;]<\/p>\n","protected":false},"author":7,"featured_media":0,"parent":0,"menu_order":0,"comment_status":"closed","ping_status":"closed","template":"template_casinos_online.php","meta":{"_acf_changed":false,"footnotes":""},"class_list":["post-2172","page","type-page","status-publish","hentry"],"acf":[],"_links":{"self":[{"href":"https:\/\/casasdeapuestas.bet\/ar\/wp-json\/wp\/v2\/pages\/2172","targetHints":{"allow":["GET"]}}],"collection":[{"href":"https:\/\/casasdeapuestas.bet\/ar\/wp-json\/wp\/v2\/pages"}],"about":[{"href":"https:\/\/casasdeapuestas.bet\/ar\/wp-json\/wp\/v2\/types\/page"}],"author":[{"embeddable":true,"href":"https:\/\/casasdeapuestas.bet\/ar\/wp-json\/wp\/v2\/users\/7"}],"replies":[{"embeddable":true,"href":"https:\/\/casasdeapuestas.bet\/ar\/wp-json\/wp\/v2\/comments?post=2172"}],"version-history":[{"count":21,"href":"https:\/\/casasdeapuestas.bet\/ar\/wp-json\/wp\/v2\/pages\/2172\/revisions"}],"predecessor-version":[{"id":10926,"href":"https:\/\/casasdeapuestas.bet\/ar\/wp-json\/wp\/v2\/pages\/2172\/revisions\/10926"}],"wp:attachment":[{"href":"https:\/\/casasdeapuestas.bet\/ar\/wp-json\/wp\/v2\/media?parent=2172"}],"curies":[{"name":"wp","href":"https:\/\/api.w.org\/{rel}","templated":true}]}}